{"id":954,"date":"2016-07-15T14:19:56","date_gmt":"2016-07-15T14:19:56","guid":{"rendered":"http:\/\/test.kriesi.at\/enfold-medical\/?page_id=954"},"modified":"2023-09-27T17:46:26","modified_gmt":"2023-09-27T14:46:26","slug":"contact","status":"publish","type":"page","link":"https:\/\/drparvizaslanov.com\/en\/contact","title":{"rendered":"Contact"},"content":{"rendered":"<div  class='av_gmaps_sc_main_wrap av_gmaps_main_wrap '><div id='av_gmap_0' class='avia-google-map-container avia-google-map-sc av_gmaps_show_unconditionally av-no-fallback-img ' data-mapid='av_gmap_0'  style='height: 500px;'><a class=\"av_gmaps_browser_disabled av_text_confirm_link av_text_confirm_link_visible\" href=\"https:\/\/www.google.com\/maps\/search\/?api=1&#038;query=Az\u0259rbaycan,%20Bak\u0131%20\u015f\u0259h\u0259ri,%20\u015e\u00f6vk\u0259t%20M\u0259mm\u0259dova%20k\u00fc\u00e7.%2052,%20West%20Hospital,%20Baku,%20Azerbaijan,%20AZ1130%20%20Baku%20%20Azerbaycan\" target=\"_blank\" rel=\"noopener\">Maps were disabled by the visitor on this site. Click to open the map in a new window.<\/a><\/div><\/div>\n<div id='av-layout-grid-1'  class='av-layout-grid-container av-3znmz6-31425a6f4615bbf71c73a87331023939 entry-content-wrapper header_color av-fixed-cells  avia-builder-el-1  el_after_av_google_map  el_before_av_section  grid-row-not-first  container_wrap sidebar_right'  >\n\n<style type=\"text\/css\" data-created_by=\"avia_inline_auto\" id=\"style-css-av-3tm3yi-8f00ef0a3314864480b571d5babd88e4\">\n.flex_cell.av-3tm3yi-8f00ef0a3314864480b571d5babd88e4{\nvertical-align:top;\npadding:9px 0px 0px 0px;\nbackground-color:#303030;\n}\n<\/style>\n<div class='flex_cell av_one_half av-3tm3yi-8f00ef0a3314864480b571d5babd88e4 no_margin  avia-builder-el-2  el_before_av_cell_one_half  avia-builder-el-first ' ><div class='flex_cell_inner'><\/div><\/div>\n<style type=\"text\/css\" data-created_by=\"avia_inline_auto\" id=\"style-css-av-3oe4ze-649e3bd1b2da2d69db31707449f394ed\">\n.flex_cell.av-3oe4ze-649e3bd1b2da2d69db31707449f394ed{\nvertical-align:top;\npadding:9px 0px 0px 0px;\nbackground-color:#303030;\n}\n<\/style>\n<div class='flex_cell av_one_half av-3oe4ze-649e3bd1b2da2d69db31707449f394ed no_margin  avia-builder-el-3  el_after_av_cell_one_half  avia-builder-el-last ' ><div class='flex_cell_inner'><\/div><\/div>\n<\/div>\n<div id='av_section_1'  class='avia-section av-3l6hei-9e92f5c2cce57d4994724d096a8d9fcd main_color avia-section-huge avia-no-border-styling  avia-builder-el-4  el_after_av_layout_row  avia-builder-el-last  avia-bg-style-scroll container_wrap sidebar_right'  ><div class='container av-section-cont-open' ><div class='template-page content  av-content-small alpha units'><div class='post-entry post-entry-type-page post-entry-954'><div class='entry-content-wrapper clearfix'>\n<div class='flex_column_table av-3c2jui-9527d25cb2c7bd95f5ef1cd1fd17b6fc sc-av_one_third av-equal-height-column-flextable'>\n<style type=\"text\/css\" data-created_by=\"avia_inline_auto\" id=\"style-css-av-3c2jui-9527d25cb2c7bd95f5ef1cd1fd17b6fc\">\n#top .flex_column_table.av-equal-height-column-flextable.av-3c2jui-9527d25cb2c7bd95f5ef1cd1fd17b6fc{\nmargin-top:-200px;\nmargin-bottom:0px;\n}\n.flex_column.av-3c2jui-9527d25cb2c7bd95f5ef1cd1fd17b6fc{\nborder-radius:0px 0px 0px 0px;\n-webkit-border-radius:0px 0px 0px 0px;\n-moz-border-radius:0px 0px 0px 0px;\npadding:40px 40px 40px 40px;\n}\n<\/style>\n<div class='flex_column av-3c2jui-9527d25cb2c7bd95f5ef1cd1fd17b6fc av_one_third  avia-builder-el-5  el_before_av_one_third  avia-builder-el-first  first no_margin flex_column_table_cell av-equal-height-column av-align-top '   ><\/div>\n<style type=\"text\/css\" data-created_by=\"avia_inline_auto\" id=\"style-css-av-36owea-9ac7d562cefe9e7bf513996aead33461\">\n#top .flex_column_table.av-equal-height-column-flextable.av-36owea-9ac7d562cefe9e7bf513996aead33461{\nmargin-top:-200px;\nmargin-bottom:0px;\n}\n.flex_column.av-36owea-9ac7d562cefe9e7bf513996aead33461{\nborder-radius:0px 0px 0px 0px;\n-webkit-border-radius:0px 0px 0px 0px;\n-moz-border-radius:0px 0px 0px 0px;\npadding:40px 40px 40px 40px;\nbackground-color:#303030;\n}\n<\/style>\n<div class='flex_column av-36owea-9ac7d562cefe9e7bf513996aead33461 av_one_third  avia-builder-el-6  el_after_av_one_third  el_before_av_one_third  no_margin flex_column_table_cell av-equal-height-column av-align-top '   ><p>\n<style type=\"text\/css\" data-created_by=\"avia_inline_auto\" id=\"style-css-av-31ak96-fff0ca49b8ac301efbae8c92c0d8e2d6\">\n.av_font_icon.av-31ak96-fff0ca49b8ac301efbae8c92c0d8e2d6{\ncolor:#ffffff;\nborder-color:#ffffff;\n}\n.av_font_icon.av-31ak96-fff0ca49b8ac301efbae8c92c0d8e2d6 .av-icon-char{\nfont-size:60px;\nline-height:60px;\n}\n<\/style>\n<span  class='av_font_icon av-31ak96-fff0ca49b8ac301efbae8c92c0d8e2d6 avia_animate_when_visible av-icon-style- avia-icon-pos-center avia-icon-animate'><span class='av-icon-char' aria-hidden='true' data-av_icon='' data-av_iconfont='medical' ><\/span><\/span><br \/>\n\n<style type=\"text\/css\" data-created_by=\"avia_inline_auto\" id=\"style-css-av-2xaldu-e6db00254b813ef2a18fa60160df9a0f\">\n#top .hr.hr-invisible.av-2xaldu-e6db00254b813ef2a18fa60160df9a0f{\nheight:20px;\n}\n<\/style>\n<div  class='hr av-2xaldu-e6db00254b813ef2a18fa60160df9a0f hr-invisible  avia-builder-el-8  el_after_av_font_icon  el_before_av_textblock '><span class='hr-inner '><span class=\"hr-inner-style\"><\/span><\/span><\/div><br \/>\n\n<style type=\"text\/css\" data-created_by=\"avia_inline_auto\" id=\"style-css-av-2smvkq-57eea0e2684eca7f784bec56396d785d\">\n#top .av_textblock_section.av-2smvkq-57eea0e2684eca7f784bec56396d785d .avia_textblock{\ncolor:#ffffff;\n}\n<\/style>\n<section  class='av_textblock_section av-2smvkq-57eea0e2684eca7f784bec56396d785d'  itemscope=\"itemscope\" itemtype=\"https:\/\/schema.org\/CreativeWork\" ><div class='avia_textblock av_inherit_color'  itemprop=\"text\" ><h4 style=\"text-align: center;\">Contact<\/h4>\n<\/div><\/section><br \/>\n\n<style type=\"text\/css\" data-created_by=\"avia_inline_auto\" id=\"style-css-av-2k722q-1b520c8807031e038a631f590fdf4a83\">\n#top .hr.hr-invisible.av-2k722q-1b520c8807031e038a631f590fdf4a83{\nheight:8px;\n}\n<\/style>\n<div  class='hr av-2k722q-1b520c8807031e038a631f590fdf4a83 hr-invisible  avia-builder-el-10  el_after_av_textblock  avia-builder-el-last '><span class='hr-inner '><span class=\"hr-inner-style\"><\/span><\/span><\/div><\/p><\/div>\n<style type=\"text\/css\" data-created_by=\"avia_inline_auto\" id=\"style-css-av-2dptgy-9e88d814e0959b2a5c5bfcf9ed385c94\">\n#top .flex_column_table.av-equal-height-column-flextable.av-2dptgy-9e88d814e0959b2a5c5bfcf9ed385c94{\nmargin-top:-200px;\nmargin-bottom:0px;\n}\n.flex_column.av-2dptgy-9e88d814e0959b2a5c5bfcf9ed385c94{\nborder-radius:0px 0px 0px 0px;\n-webkit-border-radius:0px 0px 0px 0px;\n-moz-border-radius:0px 0px 0px 0px;\npadding:40px 40px 40px 40px;\n}\n<\/style>\n<div class='flex_column av-2dptgy-9e88d814e0959b2a5c5bfcf9ed385c94 av_one_third  avia-builder-el-11  el_after_av_one_third  el_before_av_one_half  no_margin flex_column_table_cell av-equal-height-column av-align-top '   ><\/div><\/div><!--close column table wrapper. Autoclose: 1 -->\n<style type=\"text\/css\" data-created_by=\"avia_inline_auto\" id=\"style-css-av-2aeuai-c97da7fe26da5abaa7f262ec83eeea2b\">\n.flex_column.av-2aeuai-c97da7fe26da5abaa7f262ec83eeea2b{\nborder-radius:0px 0px 0px 0px;\n-webkit-border-radius:0px 0px 0px 0px;\n-moz-border-radius:0px 0px 0px 0px;\n}\n<\/style>\n<div class='flex_column av-2aeuai-c97da7fe26da5abaa7f262ec83eeea2b av_one_half  avia-builder-el-12  el_after_av_one_third  el_before_av_one_half  first flex_column_div  av-animated-generic bottom-to-top av-zero-column-padding column-top-margin'   ><p><br \/>\n<form action=\"https:\/\/drparvizaslanov.com\/en\/contact\" method=\"post\"  class=\"avia_ajax_form av-form-labels-hidden   avia-builder-el-14  el_after_av_heading  avia-builder-el-last   \" data-avia-form-id=\"1\" data-avia-redirect='' ><fieldset><p class='  first_form  form_element form_element_half' id='element_avia_1_1'><label for=\"avia_1_1\">Name, Surname <abbr class=\"required\" title=\"Zorunlu\">*<\/abbr><\/label> <input name=\"avia_1_1\" class=\"text_input is_empty\" type=\"text\" id=\"avia_1_1\" value=\"\"  placeholder='Name, Surname*'\/><\/p><p class='  form_element form_element_half' id='element_avia_2_1'><label for=\"avia_2_1\">Email Address <abbr class=\"required\" title=\"Zorunlu\">*<\/abbr><\/label> <input name=\"avia_2_1\" class=\"text_input is_special_email\" type=\"text\" id=\"avia_2_1\" value=\"\"  placeholder='Email Address*'\/><\/p><p class='  first_form  form_element form_fullwidth' id='element_avia_3_1'><label for=\"avia_3_1\">Topic <abbr class=\"required\" title=\"Zorunlu\">*<\/abbr><\/label> <input name=\"avia_3_1\" class=\"text_input is_empty\" type=\"text\" id=\"avia_3_1\" value=\"\"  placeholder='Topic*'\/><\/p><p class='  first_form  form_element form_fullwidth' id='element_avia_4_1'><label for=\"avia_4_1\" class=\"textare_label hidden textare_label_avia_4_1\">Your message <abbr class=\"required\" title=\"Zorunlu\">*<\/abbr><\/label><textarea  placeholder='Your message*' name=\"avia_4_1\" class=\"text_area is_empty\" cols=\"40\" rows=\"7\" id=\"avia_4_1\" ><\/textarea><\/p><p class=\"hidden\"><input type=\"text\" name=\"avia_5_1\" class=\"hidden \" id=\"avia_5_1\" value=\"\" \/><\/p><p class='   form_element form_fullwidth' id='element_avia_6_1'><span class='value_verifier_label'>2 + 6 = ?<\/span><input name=\"avia_6_1_verifier\" type=\"hidden\" id=\"avia_6_1_verifier\" value=\"645832763\"\/><label for=\"avia_6_1\">L\u00fctfen denklemi \u00e7\u00f6zerek insan oldu\u011funuzu kan\u0131tlay\u0131n\u0131z <abbr class=\"required\" title=\"Zorunlu\">*<\/abbr><\/label><input name=\"avia_6_1\" class=\"text_input captcha\" type=\"text\" id=\"avia_6_1\" value=\"\"\/><\/p><p class=\"form_element \"><input type=\"hidden\" value=\"1\" name=\"avia_generated_form1\" \/><input type=\"submit\" value=\"Send\" class=\"button\"  data-sending-label=\"G\u00f6nderiliyor\"\/><\/p><\/fieldset><\/form><div id=\"ajaxresponse_1\" class=\"ajaxresponse ajaxresponse_1 hidden\"><\/div><\/p><\/div>\n<style type=\"text\/css\" data-created_by=\"avia_inline_auto\" id=\"style-css-av-2rmdu-6ba2d797a6b373f7cbf42c11d2765b0b\">\n.flex_column.av-2rmdu-6ba2d797a6b373f7cbf42c11d2765b0b{\nborder-radius:0px 0px 0px 0px;\n-webkit-border-radius:0px 0px 0px 0px;\n-moz-border-radius:0px 0px 0px 0px;\n}\n<\/style>\n<div class='flex_column av-2rmdu-6ba2d797a6b373f7cbf42c11d2765b0b av_one_half  avia-builder-el-15  el_after_av_one_half  avia-builder-el-last  flex_column_div  av-animated-generic bottom-to-top av-zero-column-padding column-top-margin'   ><p><br \/>\n<section  class='av_textblock_section av-hrf96-cd9dec58befac5088bc306313e1e2eea'  itemscope=\"itemscope\" itemtype=\"https:\/\/schema.org\/CreativeWork\" ><div class='avia_textblock'  itemprop=\"text\" ><ul>\n<li>Azerbaijan, Baku city, Shavkat Mammadova str. 52, West Hospital, Baku, Azerbaijan, AZ1130<\/li>\n<li><strong>Associate:<\/strong> +99477 601 50 50<\/li>\n<li><strong>Coordinator:<\/strong> +99477\u00a0601 50 50<\/li>\n<li><strong>Assistant:<\/strong> +99470 536 50 50<\/li>\n<li><strong>Manager:<\/strong> +99470 538 50 50<\/li>\n<li><strong>Mail:<\/strong> <a href=\"mailto:info@drparvizaslanov.com\">info@drparvizaslanov.com<\/a><\/li>\n<\/ul>\n<\/div><\/section><br \/>\n<section  class='av_textblock_section av-a23gi-04b2c744d9309cc13c2110bd468845aa'  itemscope=\"itemscope\" itemtype=\"https:\/\/schema.org\/CreativeWork\" ><div class='avia_textblock'  itemprop=\"text\" ><\/div><\/section><\/p><\/div><\/div><\/div><\/div><!-- close content main div --><\/div><\/div><div id='after_section_1'  class='main_color av_default_container_wrap container_wrap sidebar_right'  ><div class='container av-section-cont-open' ><div class='template-page content  av-content-small alpha units'><div class='post-entry post-entry-type-page post-entry-954'><div class='entry-content-wrapper clearfix'>\n","protected":false},"excerpt":{"rendered":"","protected":false},"author":1,"featured_media":0,"parent":0,"menu_order":0,"comment_status":"closed","ping_status":"closed","template":"","meta":[],"_links":{"self":[{"href":"https:\/\/drparvizaslanov.com\/en\/wp-json\/wp\/v2\/pages\/954"}],"collection":[{"href":"https:\/\/drparvizaslanov.com\/en\/wp-json\/wp\/v2\/pages"}],"about":[{"href":"https:\/\/drparvizaslanov.com\/en\/wp-json\/wp\/v2\/types\/page"}],"author":[{"embeddable":true,"href":"https:\/\/drparvizaslanov.com\/en\/wp-json\/wp\/v2\/users\/1"}],"replies":[{"embeddable":true,"href":"https:\/\/drparvizaslanov.com\/en\/wp-json\/wp\/v2\/comments?post=954"}],"version-history":[{"count":10,"href":"https:\/\/drparvizaslanov.com\/en\/wp-json\/wp\/v2\/pages\/954\/revisions"}],"predecessor-version":[{"id":1727,"href":"https:\/\/drparvizaslanov.com\/en\/wp-json\/wp\/v2\/pages\/954\/revisions\/1727"}],"wp:attachment":[{"href":"https:\/\/drparvizaslanov.com\/en\/wp-json\/wp\/v2\/media?parent=954"}],"curies":[{"name":"wp","href":"https:\/\/api.w.org\/{rel}","templated":true}]}}