{"id":1195,"date":"2021-04-27T13:28:57","date_gmt":"2021-04-27T10:28:57","guid":{"rendered":"https:\/\/drparvizaslanov.com\/?page_id=1195"},"modified":"2023-08-18T18:22:54","modified_gmt":"2023-08-18T15:22:54","slug":"septum-deviasyonu-nedir","status":"publish","type":"page","link":"https:\/\/drparvizaslanov.com\/tr\/septum-deviasyonu-nedir","title":{"rendered":"SEPTUM DEV\u0130ASYONU NED\u0130R?"},"content":{"rendered":"<div id='av-layout-grid-1'  class='av-layout-grid-container av-1c8375-d819e7cdfeced3cc90c10484db209eee entry-content-wrapper main_color av-flex-cells  avia-builder-el-0  el_before_av_section  avia-builder-el-first   container_wrap sidebar_right'  >\n\n<style type=\"text\/css\" data-created_by=\"avia_inline_auto\" id=\"style-css-av-d6rb09-e4f74e64949416af0fb1ee90878e0393\">\n.flex_cell.av-d6rb09-e4f74e64949416af0fb1ee90878e0393{\nvertical-align:middle;\nheight:500px;\nmin-height:500px;\npadding:80px 80px 80px 80px;\nbackground:url(https:\/\/drparvizaslanov.com\/tr\/wp-content\/uploads\/2021\/04\/burun-ceper-eyriliyi-nedir-845x655.jpg) 0% 0% no-repeat scroll #22689e;\n}\n<\/style>\n<div class='flex_cell av_one_half av-d6rb09-e4f74e64949416af0fb1ee90878e0393 no_margin  avia-builder-el-1  el_before_av_cell_one_half  avia-builder-el-first  avia-full-stretch' ><div class='flex_cell_inner'><\/div><\/div>\n<style type=\"text\/css\" data-created_by=\"avia_inline_auto\" id=\"style-css-av-cljbx5-eb4dd344a002d6f10677329cb4aa75fd\">\n.flex_cell.av-cljbx5-eb4dd344a002d6f10677329cb4aa75fd{\nvertical-align:middle;\nheight:500px;\nmin-height:500px;\npadding:80px 80px 80px 80px;\nbackground-color:#7c7c7c;\n}\n<\/style>\n<div class='flex_cell av_one_half av-cljbx5-eb4dd344a002d6f10677329cb4aa75fd no_margin  avia-builder-el-2  el_after_av_cell_one_half  avia-builder-el-last ' ><div class='flex_cell_inner'><p>\n<style type=\"text\/css\" data-created_by=\"avia_inline_auto\" id=\"style-css-av-czsx49-4f4c28cd3e03f52ec8b4af5ec1c83670\">\n#top .av-special-heading.av-czsx49-4f4c28cd3e03f52ec8b4af5ec1c83670{\npadding-bottom:25px;\ncolor:#ffffff;\nfont-size:34px;\n}\nbody .av-special-heading.av-czsx49-4f4c28cd3e03f52ec8b4af5ec1c83670 .av-special-heading-tag .heading-char{\nfont-size:25px;\n}\n#top #wrap_all .av-special-heading.av-czsx49-4f4c28cd3e03f52ec8b4af5ec1c83670 .av-special-heading-tag{\nfont-size:34px;\n}\n.av-special-heading.av-czsx49-4f4c28cd3e03f52ec8b4af5ec1c83670 .special-heading-inner-border{\nborder-color:#ffffff;\n}\n.av-special-heading.av-czsx49-4f4c28cd3e03f52ec8b4af5ec1c83670 .av-subheading{\nfont-size:15px;\n}\n<\/style>\n<div  class='av-special-heading av-czsx49-4f4c28cd3e03f52ec8b4af5ec1c83670 av-special-heading-h3 custom-color-heading blockquote modern-quote  avia-builder-el-3  el_before_av_textblock  avia-builder-el-first  av-inherit-size'><h3 class='av-special-heading-tag'  itemprop=\"headline\"  >Burun Duvar E\u011frimi Nedir?<\/h3><div class=\"special-heading-border\"><div class=\"special-heading-inner-border\"><\/div><\/div><\/div><br \/>\n\n<style type=\"text\/css\" data-created_by=\"avia_inline_auto\" id=\"style-css-av-1a4tbl-03925d075f89295056f7076efbaf986a\">\n#top .av_textblock_section.av-1a4tbl-03925d075f89295056f7076efbaf986a .avia_textblock{\ncolor:#ffffff;\n}\n<\/style>\n<section  class='av_textblock_section av-1a4tbl-03925d075f89295056f7076efbaf986a'  itemscope=\"itemscope\" itemtype=\"https:\/\/schema.org\/CreativeWork\" ><div class='avia_textblock av_inherit_color'  itemprop=\"text\" ><\/div><\/section><\/p>\n<\/div><\/div>\n<\/div>\n<div id='av_section_1'  class='avia-section av-chxza9-13bb36b8de50b4635e8307af8a3786d9 main_color avia-section-huge avia-no-border-styling  avia-builder-el-5  el_after_av_layout_row  avia-builder-el-last  avia-bg-style-scroll container_wrap sidebar_right'  ><div class='container av-section-cont-open' ><div class='template-page content  av-content-small alpha units'><div class='post-entry post-entry-type-page post-entry-1195'><div class='entry-content-wrapper clearfix'>\n<div class='flex_column_table av-cbfhxd-5069537efd4a01d98e94b770cac001f3 sc-av_one_third av-equal-height-column-flextable'>\n<style type=\"text\/css\" data-created_by=\"avia_inline_auto\" id=\"style-css-av-cbfhxd-5069537efd4a01d98e94b770cac001f3\">\n#top .flex_column_table.av-equal-height-column-flextable.av-cbfhxd-5069537efd4a01d98e94b770cac001f3{\nmargin-top:-200px;\nmargin-bottom:0px;\n}\n.flex_column.av-cbfhxd-5069537efd4a01d98e94b770cac001f3{\nborder-radius:0px 0px 0px 0px;\n-webkit-border-radius:0px 0px 0px 0px;\n-moz-border-radius:0px 0px 0px 0px;\npadding:40px 40px 40px 40px;\n}\n<\/style>\n<div class='flex_column av-cbfhxd-5069537efd4a01d98e94b770cac001f3 av_one_third  avia-builder-el-6  el_before_av_one_third  avia-builder-el-first  first no_margin flex_column_table_cell av-equal-height-column av-align-top '   ><\/div>\n<style type=\"text\/css\" data-created_by=\"avia_inline_auto\" id=\"style-css-av-c8b89d-f7d0a695e06bfb188535d6aa0396b0e0\">\n#top .flex_column_table.av-equal-height-column-flextable.av-c8b89d-f7d0a695e06bfb188535d6aa0396b0e0{\nmargin-top:-200px;\nmargin-bottom:0px;\n}\n.flex_column.av-c8b89d-f7d0a695e06bfb188535d6aa0396b0e0{\nborder-radius:0px 0px 0px 0px;\n-webkit-border-radius:0px 0px 0px 0px;\n-moz-border-radius:0px 0px 0px 0px;\npadding:40px 40px 40px 40px;\nbackground-color:#303030;\n}\n<\/style>\n<div class='flex_column av-c8b89d-f7d0a695e06bfb188535d6aa0396b0e0 av_one_third  avia-builder-el-7  el_after_av_one_third  el_before_av_one_third  no_margin flex_column_table_cell av-equal-height-column av-align-top '   ><p>\n<style type=\"text\/css\" data-created_by=\"avia_inline_auto\" id=\"style-css-av-c1vq5l-2274565a42cc97c9c00d90364d9dc172\">\n.av_font_icon.av-c1vq5l-2274565a42cc97c9c00d90364d9dc172{\ncolor:#ffffff;\nborder-color:#ffffff;\n}\n.av_font_icon.av-c1vq5l-2274565a42cc97c9c00d90364d9dc172 .av-icon-char{\nfont-size:60px;\nline-height:60px;\n}\n<\/style>\n<span  class='av_font_icon av-c1vq5l-2274565a42cc97c9c00d90364d9dc172 avia_animate_when_visible av-icon-style- avia-icon-pos-center avia-icon-animate'><span class='av-icon-char' aria-hidden='true' data-av_icon='' data-av_iconfont='medical' ><\/span><\/span><br \/>\n\n<style type=\"text\/css\" data-created_by=\"avia_inline_auto\" id=\"style-css-av-bvg9ld-767587c0c005dfd658211b8e78d4bddc\">\n#top .hr.hr-invisible.av-bvg9ld-767587c0c005dfd658211b8e78d4bddc{\nheight:20px;\n}\n<\/style>\n<div  class='hr av-bvg9ld-767587c0c005dfd658211b8e78d4bddc hr-invisible  avia-builder-el-9  el_after_av_font_icon  el_before_av_textblock '><span class='hr-inner '><span class=\"hr-inner-style\"><\/span><\/span><\/div><br \/>\n\n<style type=\"text\/css\" data-created_by=\"avia_inline_auto\" id=\"style-css-av-bmb9gh-c94a05315c7f24fea9dd6606c03abbbb\">\n#top .av_textblock_section.av-bmb9gh-c94a05315c7f24fea9dd6606c03abbbb .avia_textblock{\ncolor:#ffffff;\n}\n<\/style>\n<section  class='av_textblock_section av-bmb9gh-c94a05315c7f24fea9dd6606c03abbbb'  itemscope=\"itemscope\" itemtype=\"https:\/\/schema.org\/CreativeWork\" ><div class='avia_textblock av_inherit_color'  itemprop=\"text\" ><\/div><\/section><br \/>\n\n<style type=\"text\/css\" data-created_by=\"avia_inline_auto\" id=\"style-css-av-bha0rl-79b42d53be6b50935fac841c15c56b6e\">\n#top .hr.hr-invisible.av-bha0rl-79b42d53be6b50935fac841c15c56b6e{\nheight:8px;\n}\n<\/style>\n<div  class='hr av-bha0rl-79b42d53be6b50935fac841c15c56b6e hr-invisible  avia-builder-el-11  el_after_av_textblock  avia-builder-el-last '><span class='hr-inner '><span class=\"hr-inner-style\"><\/span><\/span><\/div><\/p><\/div>\n<style type=\"text\/css\" data-created_by=\"avia_inline_auto\" id=\"style-css-av-b7okt5-2c94ce7e18e69f9d379beb7e2b2d3041\">\n#top .flex_column_table.av-equal-height-column-flextable.av-b7okt5-2c94ce7e18e69f9d379beb7e2b2d3041{\nmargin-top:-200px;\nmargin-bottom:0px;\n}\n.flex_column.av-b7okt5-2c94ce7e18e69f9d379beb7e2b2d3041{\nborder-radius:0px 0px 0px 0px;\n-webkit-border-radius:0px 0px 0px 0px;\n-moz-border-radius:0px 0px 0px 0px;\npadding:40px 40px 40px 40px;\n}\n<\/style>\n<div class='flex_column av-b7okt5-2c94ce7e18e69f9d379beb7e2b2d3041 av_one_third  avia-builder-el-12  el_after_av_one_third  el_before_av_one_full  no_margin flex_column_table_cell av-equal-height-column av-align-top '   ><\/div><\/div><!--close column table wrapper. Autoclose: 1 -->\n<style type=\"text\/css\" data-created_by=\"avia_inline_auto\" id=\"style-css-av-aggsfl-e50d94f2d94a0469a74b5ee2589970a2\">\n.flex_column.av-aggsfl-e50d94f2d94a0469a74b5ee2589970a2{\nborder-radius:0px 0px 0px 0px;\n-webkit-border-radius:0px 0px 0px 0px;\n-moz-border-radius:0px 0px 0px 0px;\n}\n<\/style>\n<div class='flex_column av-aggsfl-e50d94f2d94a0469a74b5ee2589970a2 av_one_full  avia-builder-el-13  el_after_av_one_third  avia-builder-el-last  first flex_column_div  av-animated-generic bottom-to-top av-zero-column-padding column-top-margin'   ><p>\n<style type=\"text\/css\" data-created_by=\"avia_inline_auto\" id=\"style-css-av-aaafsx-09d1f5805975d0aa41e6fe98a9c09320\">\n#top .av-special-heading.av-aaafsx-09d1f5805975d0aa41e6fe98a9c09320{\npadding-bottom:20px;\nfont-size:34px;\n}\nbody .av-special-heading.av-aaafsx-09d1f5805975d0aa41e6fe98a9c09320 .av-special-heading-tag .heading-char{\nfont-size:25px;\n}\n#top #wrap_all .av-special-heading.av-aaafsx-09d1f5805975d0aa41e6fe98a9c09320 .av-special-heading-tag{\nfont-size:34px;\n}\n.av-special-heading.av-aaafsx-09d1f5805975d0aa41e6fe98a9c09320 .av-subheading{\nfont-size:15px;\n}\n<\/style>\n<div  class='av-special-heading av-aaafsx-09d1f5805975d0aa41e6fe98a9c09320 av-special-heading-h3 blockquote modern-quote  avia-builder-el-14  el_before_av_textblock  avia-builder-el-first  av-inherit-size'><h3 class='av-special-heading-tag'  itemprop=\"headline\"  >SEPTUM DEV\u0130ASYONU NED\u0130R?<\/h3><div class=\"special-heading-border\"><div class=\"special-heading-inner-border\"><\/div><\/div><\/div><br \/>\n<section  class='av_textblock_section av-a4l989-1b0585bab80d85802d80dc227be69d31'  itemscope=\"itemscope\" itemtype=\"https:\/\/schema.org\/CreativeWork\" ><div class='avia_textblock'  itemprop=\"text\" ><p>SEPTUM DEV\u0130ASYONU NED\u0130R?<\/p>\n<p>Nazal septum burun bo\u015flu\u011funu ikiye b\u00f6len bir duvard\u0131r. Septumun \u00f6n k\u0131sm\u0131 sa\u011fl\u0131kl\u0131 fakat b\u00fck\u00fclebilir k\u0131k\u0131rdaktan, arka k\u0131sm\u0131 ise kemikten olu\u015fur.<br \/>\nNormalde Septum orta hatta olmal\u0131 ve sa\u011f ve sol burun bo\u015fluklar\u0131 ayn\u0131 geni\u015flikte olmal\u0131d\u0131r.<br \/>\n\u0130nsanlar\u0131n %80\u2019inde septum tam olarak orta hatta de\u011fildir ve bu herhangi bir \u015fikayete yol a\u00e7maz, sa\u011fl\u0131k sorunlar\u0131na da yol a\u00e7maz. Bazen septum orta hattan \u00e7ok uzaktad\u0131r ve buna burun e\u011frili\u011fi denir. Deviasyonun nedenleri farkl\u0131d\u0131r. Nadiren \u00e7ocuklar do\u011fu\u015ftan septum deviasyonu ile do\u011farlar. Bazen de septum bebek do\u011fum kanal\u0131ndan ge\u00e7erken b\u00fck\u00fcl\u00fcr. Burun duvar\u0131ndaki deviasyon, b\u00fcy\u00fcme s\u0131ras\u0131nda kemik ve k\u0131k\u0131rda\u011f\u0131n h\u0131zl\u0131 geli\u015fmesi sonucu ortaya \u00e7\u0131kabilir.<br \/>\nSeptum deviasyonunun semptomlar\u0131 nelerdir?<\/p>\n<p>Septum deviasyonunun en \u00e7ok rastlanan semptomlar\u0131 nefes alma zay\u0131fl\u0131\u011f\u0131d\u0131r. Burun t\u0131kan\u0131kl\u0131\u011f\u0131 esas olarak septumun deviye oldu\u011fu taraftad\u0131r, ancak her iki tarafta da de\u011fi\u015fken nefes alma zorluklar\u0131 hissedilebilir. Burun duvar e\u011frili\u011fi a\u015fa\u011f\u0131daki sorunlara sebep olabilir:<\/p>\n<p>1. Tek veya iki tarafl\u0131 burun t\u0131kan\u0131kl\u0131\u011f\u0131<br \/>\n2. Tekrarlanan burun kanamalar\u0131<br \/>\n3. Tekrarlanan sin\u00fczit<br \/>\n4. Bazen y\u00fcz b\u00f6lgesinde a\u011fr\u0131, ba\u015f a\u011fr\u0131s\u0131, geniz ak\u0131nt\u0131s\u0131.<br \/>\n5. Uyku s\u0131ras\u0131nda sesli nefes alma (\u00e7o\u011funlukla \u00e7ocuklarda)<br \/>\nHafif septum deviasyonunun olan baz\u0131 ki\u015filerde semptomlar sadece so\u011fuk alg\u0131nl\u0131\u011f\u0131 s\u0131ras\u0131nda ortaya \u00e7\u0131kar.<\/p>\n<p>SEPTUM DEV\u0130ASYONUNA Y\u00d6NEL\u0130K AMEL\u0130YATLAR<\/p>\n<p>Ameliyat karar\u0131 al\u0131n\u0131rken burnun muayene g\u00f6r\u00fcnt\u00fcleri kadar hastan\u0131n \u015fikayetleri ve burun t\u0131kan\u0131kl\u0131\u011f\u0131n\u0131n hastan\u0131n hayat kalitesi \u00fczerindeki yan etkiler g\u00f6z \u00f6n\u00fcne al\u0131nmal\u0131d\u0131r. Burun k\u00f6k\u00fcne yak\u0131n olmayan septumun \u00f6n yar\u0131s\u0131n\u0131 kaplayan k\u0131k\u0131rdak k\u0131sm\u0131nda derin deforme olmayan e\u011friliklerde burun deliklerinden 20-30 dakikaya kadar standart operasyonlarla ba\u015far\u0131l\u0131 sonu\u00e7lar elde edilir. Bu sorunlar\u0131n varl\u0131\u011f\u0131nda ayn\u0131 anda estetik m\u00fcdahale gerekiyorsa \u201c a\u00e7\u0131k cerrahi teknik\u201d yap\u0131l\u0131r.<\/p>\n<\/div><\/section><\/p><\/div><\/div><\/div><\/div><!-- close content main div --><\/div><\/div><div id='after_section_1'  class='main_color av_default_container_wrap container_wrap sidebar_right'  ><div class='container av-section-cont-open' ><div class='template-page content  av-content-small alpha units'><div class='post-entry post-entry-type-page post-entry-1195'><div class='entry-content-wrapper clearfix'>\n","protected":false},"excerpt":{"rendered":"","protected":false},"author":1,"featured_media":0,"parent":0,"menu_order":0,"comment_status":"closed","ping_status":"closed","template":"","meta":[],"_links":{"self":[{"href":"https:\/\/drparvizaslanov.com\/tr\/wp-json\/wp\/v2\/pages\/1195"}],"collection":[{"href":"https:\/\/drparvizaslanov.com\/tr\/wp-json\/wp\/v2\/pages"}],"about":[{"href":"https:\/\/drparvizaslanov.com\/tr\/wp-json\/wp\/v2\/types\/page"}],"author":[{"embeddable":true,"href":"https:\/\/drparvizaslanov.com\/tr\/wp-json\/wp\/v2\/users\/1"}],"replies":[{"embeddable":true,"href":"https:\/\/drparvizaslanov.com\/tr\/wp-json\/wp\/v2\/comments?post=1195"}],"version-history":[{"count":5,"href":"https:\/\/drparvizaslanov.com\/tr\/wp-json\/wp\/v2\/pages\/1195\/revisions"}],"predecessor-version":[{"id":1729,"href":"https:\/\/drparvizaslanov.com\/tr\/wp-json\/wp\/v2\/pages\/1195\/revisions\/1729"}],"wp:attachment":[{"href":"https:\/\/drparvizaslanov.com\/tr\/wp-json\/wp\/v2\/media?parent=1195"}],"curies":[{"name":"wp","href":"https:\/\/api.w.org\/{rel}","templated":true}]}}