{"id":1200,"date":"2021-04-27T13:40:48","date_gmt":"2021-04-27T10:40:48","guid":{"rendered":"https:\/\/drparvizaslanov.com\/?page_id=1200"},"modified":"2023-09-19T16:45:19","modified_gmt":"2023-09-19T13:45:19","slug":"adenoid-nedir","status":"publish","type":"page","link":"https:\/\/drparvizaslanov.com\/tr\/adenoid-nedir","title":{"rendered":"Adenoid Nedir?"},"content":{"rendered":"<div id='av-layout-grid-1'  class='av-layout-grid-container av-1c8375-d819e7cdfeced3cc90c10484db209eee entry-content-wrapper main_color av-flex-cells  avia-builder-el-0  el_before_av_section  avia-builder-el-first   container_wrap sidebar_right'  >\n\n<style type=\"text\/css\" data-created_by=\"avia_inline_auto\" id=\"style-css-av-d6rb09-4f03e14daf1a500035b4b66ae725eb5c\">\n.flex_cell.av-d6rb09-4f03e14daf1a500035b4b66ae725eb5c{\nvertical-align:middle;\nheight:500px;\nmin-height:500px;\npadding:80px 80px 80px 80px;\nbackground:url(https:\/\/drparvizaslanov.com\/tr\/wp-content\/uploads\/2021\/04\/adenoid-nedir-rinobaku-845x611.jpg) 0% 0% no-repeat scroll #22689e;\n}\n<\/style>\n<div class='flex_cell av_one_half av-d6rb09-4f03e14daf1a500035b4b66ae725eb5c no_margin  avia-builder-el-1  el_before_av_cell_one_half  avia-builder-el-first  avia-full-stretch' ><div class='flex_cell_inner'><\/div><\/div>\n<style type=\"text\/css\" data-created_by=\"avia_inline_auto\" id=\"style-css-av-cljbx5-eb4dd344a002d6f10677329cb4aa75fd\">\n.flex_cell.av-cljbx5-eb4dd344a002d6f10677329cb4aa75fd{\nvertical-align:middle;\nheight:500px;\nmin-height:500px;\npadding:80px 80px 80px 80px;\nbackground-color:#7c7c7c;\n}\n<\/style>\n<div class='flex_cell av_one_half av-cljbx5-eb4dd344a002d6f10677329cb4aa75fd no_margin  avia-builder-el-2  el_after_av_cell_one_half  avia-builder-el-last ' ><div class='flex_cell_inner'><p>\n<style type=\"text\/css\" data-created_by=\"avia_inline_auto\" id=\"style-css-av-czsx49-526804bb259049bb2ec2c1e792acd00a\">\n#top .av-special-heading.av-czsx49-526804bb259049bb2ec2c1e792acd00a{\npadding-bottom:25px;\ncolor:#ffffff;\nfont-size:34px;\n}\nbody .av-special-heading.av-czsx49-526804bb259049bb2ec2c1e792acd00a .av-special-heading-tag .heading-char{\nfont-size:25px;\n}\n#top #wrap_all .av-special-heading.av-czsx49-526804bb259049bb2ec2c1e792acd00a .av-special-heading-tag{\nfont-size:34px;\n}\n.av-special-heading.av-czsx49-526804bb259049bb2ec2c1e792acd00a .special-heading-inner-border{\nborder-color:#ffffff;\n}\n.av-special-heading.av-czsx49-526804bb259049bb2ec2c1e792acd00a .av-subheading{\nfont-size:15px;\n}\n<\/style>\n<div  class='av-special-heading av-czsx49-526804bb259049bb2ec2c1e792acd00a av-special-heading-h3 custom-color-heading blockquote modern-quote  avia-builder-el-3  el_before_av_textblock  avia-builder-el-first  av-inherit-size'><h3 class='av-special-heading-tag'  itemprop=\"headline\"  >Adenoid Nedir?<\/h3><div class=\"special-heading-border\"><div class=\"special-heading-inner-border\"><\/div><\/div><\/div><br \/>\n\n<style type=\"text\/css\" data-created_by=\"avia_inline_auto\" id=\"style-css-av-1a4tbl-03925d075f89295056f7076efbaf986a\">\n#top .av_textblock_section.av-1a4tbl-03925d075f89295056f7076efbaf986a .avia_textblock{\ncolor:#ffffff;\n}\n<\/style>\n<section  class='av_textblock_section av-1a4tbl-03925d075f89295056f7076efbaf986a'  itemscope=\"itemscope\" itemtype=\"https:\/\/schema.org\/CreativeWork\" ><div class='avia_textblock av_inherit_color'  itemprop=\"text\" ><\/div><\/section><\/p>\n<\/div><\/div>\n<\/div>\n<div id='av_section_1'  class='avia-section av-chxza9-13bb36b8de50b4635e8307af8a3786d9 main_color avia-section-huge avia-no-border-styling  avia-builder-el-5  el_after_av_layout_row  avia-builder-el-last  avia-bg-style-scroll container_wrap sidebar_right'  ><div class='container av-section-cont-open' ><div class='template-page content  av-content-small alpha units'><div class='post-entry post-entry-type-page post-entry-1200'><div class='entry-content-wrapper clearfix'>\n<div class='flex_column_table av-cbfhxd-5069537efd4a01d98e94b770cac001f3 sc-av_one_third av-equal-height-column-flextable'>\n<style type=\"text\/css\" data-created_by=\"avia_inline_auto\" id=\"style-css-av-cbfhxd-5069537efd4a01d98e94b770cac001f3\">\n#top .flex_column_table.av-equal-height-column-flextable.av-cbfhxd-5069537efd4a01d98e94b770cac001f3{\nmargin-top:-200px;\nmargin-bottom:0px;\n}\n.flex_column.av-cbfhxd-5069537efd4a01d98e94b770cac001f3{\nborder-radius:0px 0px 0px 0px;\n-webkit-border-radius:0px 0px 0px 0px;\n-moz-border-radius:0px 0px 0px 0px;\npadding:40px 40px 40px 40px;\n}\n<\/style>\n<div class='flex_column av-cbfhxd-5069537efd4a01d98e94b770cac001f3 av_one_third  avia-builder-el-6  el_before_av_one_third  avia-builder-el-first  first no_margin flex_column_table_cell av-equal-height-column av-align-top '   ><\/div>\n<style type=\"text\/css\" data-created_by=\"avia_inline_auto\" id=\"style-css-av-c8b89d-f7d0a695e06bfb188535d6aa0396b0e0\">\n#top .flex_column_table.av-equal-height-column-flextable.av-c8b89d-f7d0a695e06bfb188535d6aa0396b0e0{\nmargin-top:-200px;\nmargin-bottom:0px;\n}\n.flex_column.av-c8b89d-f7d0a695e06bfb188535d6aa0396b0e0{\nborder-radius:0px 0px 0px 0px;\n-webkit-border-radius:0px 0px 0px 0px;\n-moz-border-radius:0px 0px 0px 0px;\npadding:40px 40px 40px 40px;\nbackground-color:#303030;\n}\n<\/style>\n<div class='flex_column av-c8b89d-f7d0a695e06bfb188535d6aa0396b0e0 av_one_third  avia-builder-el-7  el_after_av_one_third  el_before_av_one_third  no_margin flex_column_table_cell av-equal-height-column av-align-top '   ><p>\n<style type=\"text\/css\" data-created_by=\"avia_inline_auto\" id=\"style-css-av-c1vq5l-2274565a42cc97c9c00d90364d9dc172\">\n.av_font_icon.av-c1vq5l-2274565a42cc97c9c00d90364d9dc172{\ncolor:#ffffff;\nborder-color:#ffffff;\n}\n.av_font_icon.av-c1vq5l-2274565a42cc97c9c00d90364d9dc172 .av-icon-char{\nfont-size:60px;\nline-height:60px;\n}\n<\/style>\n<span  class='av_font_icon av-c1vq5l-2274565a42cc97c9c00d90364d9dc172 avia_animate_when_visible av-icon-style- avia-icon-pos-center avia-icon-animate'><span class='av-icon-char' aria-hidden='true' data-av_icon='' data-av_iconfont='medical' ><\/span><\/span><br \/>\n\n<style type=\"text\/css\" data-created_by=\"avia_inline_auto\" id=\"style-css-av-bvg9ld-767587c0c005dfd658211b8e78d4bddc\">\n#top .hr.hr-invisible.av-bvg9ld-767587c0c005dfd658211b8e78d4bddc{\nheight:20px;\n}\n<\/style>\n<div  class='hr av-bvg9ld-767587c0c005dfd658211b8e78d4bddc hr-invisible  avia-builder-el-9  el_after_av_font_icon  el_before_av_textblock '><span class='hr-inner '><span class=\"hr-inner-style\"><\/span><\/span><\/div><br \/>\n\n<style type=\"text\/css\" data-created_by=\"avia_inline_auto\" id=\"style-css-av-bmb9gh-c94a05315c7f24fea9dd6606c03abbbb\">\n#top .av_textblock_section.av-bmb9gh-c94a05315c7f24fea9dd6606c03abbbb .avia_textblock{\ncolor:#ffffff;\n}\n<\/style>\n<section  class='av_textblock_section av-bmb9gh-c94a05315c7f24fea9dd6606c03abbbb'  itemscope=\"itemscope\" itemtype=\"https:\/\/schema.org\/CreativeWork\" ><div class='avia_textblock av_inherit_color'  itemprop=\"text\" ><\/div><\/section><br \/>\n\n<style type=\"text\/css\" data-created_by=\"avia_inline_auto\" id=\"style-css-av-bha0rl-79b42d53be6b50935fac841c15c56b6e\">\n#top .hr.hr-invisible.av-bha0rl-79b42d53be6b50935fac841c15c56b6e{\nheight:8px;\n}\n<\/style>\n<div  class='hr av-bha0rl-79b42d53be6b50935fac841c15c56b6e hr-invisible  avia-builder-el-11  el_after_av_textblock  avia-builder-el-last '><span class='hr-inner '><span class=\"hr-inner-style\"><\/span><\/span><\/div><\/p><\/div>\n<style type=\"text\/css\" data-created_by=\"avia_inline_auto\" id=\"style-css-av-b7okt5-2c94ce7e18e69f9d379beb7e2b2d3041\">\n#top .flex_column_table.av-equal-height-column-flextable.av-b7okt5-2c94ce7e18e69f9d379beb7e2b2d3041{\nmargin-top:-200px;\nmargin-bottom:0px;\n}\n.flex_column.av-b7okt5-2c94ce7e18e69f9d379beb7e2b2d3041{\nborder-radius:0px 0px 0px 0px;\n-webkit-border-radius:0px 0px 0px 0px;\n-moz-border-radius:0px 0px 0px 0px;\npadding:40px 40px 40px 40px;\n}\n<\/style>\n<div class='flex_column av-b7okt5-2c94ce7e18e69f9d379beb7e2b2d3041 av_one_third  avia-builder-el-12  el_after_av_one_third  el_before_av_one_full  no_margin flex_column_table_cell av-equal-height-column av-align-top '   ><\/div><\/div><!--close column table wrapper. Autoclose: 1 -->\n<style type=\"text\/css\" data-created_by=\"avia_inline_auto\" id=\"style-css-av-aggsfl-e50d94f2d94a0469a74b5ee2589970a2\">\n.flex_column.av-aggsfl-e50d94f2d94a0469a74b5ee2589970a2{\nborder-radius:0px 0px 0px 0px;\n-webkit-border-radius:0px 0px 0px 0px;\n-moz-border-radius:0px 0px 0px 0px;\n}\n<\/style>\n<div class='flex_column av-aggsfl-e50d94f2d94a0469a74b5ee2589970a2 av_one_full  avia-builder-el-13  el_after_av_one_third  avia-builder-el-last  first flex_column_div  av-animated-generic bottom-to-top av-zero-column-padding column-top-margin'   ><p>\n<style type=\"text\/css\" data-created_by=\"avia_inline_auto\" id=\"style-css-av-aaafsx-b07277e12a3485c2958485ecd0c6153a\">\n#top .av-special-heading.av-aaafsx-b07277e12a3485c2958485ecd0c6153a{\npadding-bottom:20px;\nfont-size:34px;\n}\nbody .av-special-heading.av-aaafsx-b07277e12a3485c2958485ecd0c6153a .av-special-heading-tag .heading-char{\nfont-size:25px;\n}\n#top #wrap_all .av-special-heading.av-aaafsx-b07277e12a3485c2958485ecd0c6153a .av-special-heading-tag{\nfont-size:34px;\n}\n.av-special-heading.av-aaafsx-b07277e12a3485c2958485ecd0c6153a .av-subheading{\nfont-size:15px;\n}\n<\/style>\n<div  class='av-special-heading av-aaafsx-b07277e12a3485c2958485ecd0c6153a av-special-heading-h3 blockquote modern-quote  avia-builder-el-14  el_before_av_textblock  avia-builder-el-first  av-inherit-size'><h3 class='av-special-heading-tag'  itemprop=\"headline\"  >Adenoid Nedir?<\/h3><div class=\"special-heading-border\"><div class=\"special-heading-inner-border\"><\/div><\/div><\/div><br \/>\n<section  class='av_textblock_section av-a4l989-1b0585bab80d85802d80dc227be69d31'  itemscope=\"itemscope\" itemtype=\"https:\/\/schema.org\/CreativeWork\" ><div class='avia_textblock'  itemprop=\"text\" ><p>Adenoidler nazofaringeal bademciklerin temelini olu\u015fturan lenf dokusunun t\u00fcrevleridir.<br \/>\n\u00c7ocuklarda adenoidler birka\u00e7 a\u015famada geli\u015fir. \u0130lk a\u015famada \u00e7ocuk uyurken nefes almada zorlan\u0131yor, bu durumda  bademciklere giden kan ak\u0131\u015f\u0131 artar, b\u00fcy\u00fcr ve havan\u0131n burun bo\u015flu\u011fundan ge\u00e7mesini engeller. B\u00f6ylece \u00e7ocuk horlar, uyurken nefes almakta zorlan\u0131r, uyku d\u00fczeni bozulur. Adenoidler b\u00fcy\u00fcd\u00fck\u00e7e burundan serbest\u00e7e nefes almak imkans\u0131z olur, bu nedenle \u00e7ocuk g\u00fcn boyunca a\u011f\u0131zdan nefes al\u0131r ve f\u0131s\u0131ldar.<br \/>\nZararlar\u0131:<\/p>\n<p>Adenoidler zaman\u0131nda tedavi edilmezse grip ile birlikte bir\u00e7ok komplikasyon ortaya \u00e7\u0131kar:<\/p>\n<p>&#8211; Sin\u00fczit, adenoidler taraf\u0131ndan kulak kanal\u0131n\u0131n t\u0131kanmas\u0131 otitise ve i\u015fitmede \u00f6nemli bir azalmaya neden olabilir.<br \/>\n&#8211; Bebek a\u011f\u0131zdan  nefes ald\u0131\u011f\u0131 i\u00e7in v\u00fccuda daha az oksijen girer. Bunun sonucunda zihinsel geli\u015fimde gecikmeler olur, dikkati da\u011f\u0131l\u0131r ve \u00e7abuk yorulurlar.<br \/>\n&#8211; Do\u011fru nefes al\u0131nmad\u0131\u011f\u0131ndan, y\u00fcz\u00fcn \u015fekli de\u011fi\u015fir, di\u015fler yerine do\u011fru oturmaz. Ebeveynler \u00e7arp\u0131k di\u015fler i\u00e7in ortodontistlere y\u00f6neliyor. Ama bu sorunun birincil nedeni nefes alma ile ilgili bir sorundur. Bunun komplikasyonlar\u0131ndan korunmak i\u00e7in zaman\u0131nda tedavi edilmesi gerekir.<br \/>\n Adenoidlerle m\u00fccadelede cerrahinin daha etkili oldu\u011fu d\u00fc\u015f\u00fcn\u00fclmektedir. Operasyon genel anestezi alt\u0131nda yap\u0131l\u0131r. S\u00fcresi 15-20 dakikad\u0131r. Endoskop kontrol\u00fcnde adenotom yard\u0131m\u0131yla nazofarenksteki geniz eti dokusu kesilerek  \u00e7\u0131kar\u0131l\u0131r. Birka\u00e7 saat yatakl\u0131 serviste bak\u0131m g\u00f6rd\u00fckten sonra hasta taburcu edilir.<\/p>\n<p>Ameliyat\u0131n yan etkisi olur mu?<\/p>\n<p>Komplikasyonlar \u00e7ok nadir g\u00f6r\u00fcl\u00fcr. \u00d6rne\u011fin hastan\u0131n sa\u011fl\u0131\u011f\u0131 ile ilgili anestezi riski m\u00fcmk\u00fcnd\u00fcr.  Ancak operasyon \u00f6ncesi hasta \u00e7e\u015fitli tetkiklerden (genel kan tetkikleri, EKG vb.) ge\u00e7er ve bu zaman herhangi bir risk olup olmad\u0131\u011f\u0131na doktorlar karar verir.<br \/>\n\u00c7ocuk bu sorunun \u00fcstesinden gelebilir mi?<\/p>\n<p>Adenoidlerin gerilemesi genellikle ikinci on y\u0131ll\u0131k ya\u015f d\u00f6neminde olur, yani k\u00fc\u00e7\u00fclme s\u00fcreci ba\u015flar. Lakin a\u011f\u0131zdan nefes alma, uykuda horlama gibi sorunlar varsa ikinci on y\u0131ll\u0131k s\u00fcreci beklemek gerekmiyor.<br \/>\nKendi-kendine tedavi m\u00fcmk\u00fcn m\u00fc?<\/p>\n<p>B\u00fcy\u00fck Adenoidlerin spanton tedavisi etkisizdir. Akut geniz eti olan \u00e7ocuklarda tekrarlayan bo\u011faz a\u011fr\u0131lar\u0131ndan ve so\u011fuk alg\u0131nl\u0131\u011f\u0131ndan korumak i\u00e7in s\u0131k\u00e7a ellerini so\u011fuk suyla y\u0131kamamas\u0131n\u0131 sa\u011flamak, yetersiz havaland\u0131r\u0131lm\u0131\u015f odalarda ve kalabal\u0131k yerlerde olmamas\u0131na \u00e7al\u0131\u015f\u0131lmal\u0131d\u0131r.<\/p>\n<\/div><\/section><\/p><\/div><\/div><\/div><\/div><!-- close content main div --><\/div><\/div><div id='after_section_1'  class='main_color av_default_container_wrap container_wrap sidebar_right'  ><div class='container av-section-cont-open' ><div class='template-page content  av-content-small alpha units'><div class='post-entry post-entry-type-page post-entry-1200'><div class='entry-content-wrapper clearfix'>\n","protected":false},"excerpt":{"rendered":"","protected":false},"author":1,"featured_media":0,"parent":0,"menu_order":0,"comment_status":"closed","ping_status":"closed","template":"","meta":[],"_links":{"self":[{"href":"https:\/\/drparvizaslanov.com\/tr\/wp-json\/wp\/v2\/pages\/1200"}],"collection":[{"href":"https:\/\/drparvizaslanov.com\/tr\/wp-json\/wp\/v2\/pages"}],"about":[{"href":"https:\/\/drparvizaslanov.com\/tr\/wp-json\/wp\/v2\/types\/page"}],"author":[{"embeddable":true,"href":"https:\/\/drparvizaslanov.com\/tr\/wp-json\/wp\/v2\/users\/1"}],"replies":[{"embeddable":true,"href":"https:\/\/drparvizaslanov.com\/tr\/wp-json\/wp\/v2\/comments?post=1200"}],"version-history":[{"count":5,"href":"https:\/\/drparvizaslanov.com\/tr\/wp-json\/wp\/v2\/pages\/1200\/revisions"}],"predecessor-version":[{"id":1747,"href":"https:\/\/drparvizaslanov.com\/tr\/wp-json\/wp\/v2\/pages\/1200\/revisions\/1747"}],"wp:attachment":[{"href":"https:\/\/drparvizaslanov.com\/tr\/wp-json\/wp\/v2\/media?parent=1200"}],"curies":[{"name":"wp","href":"https:\/\/api.w.org\/{rel}","templated":true}]}}