{"id":1203,"date":"2021-04-27T13:45:05","date_gmt":"2021-04-27T10:45:05","guid":{"rendered":"https:\/\/drparvizaslanov.com\/?page_id=1203"},"modified":"2023-09-19T18:56:24","modified_gmt":"2023-09-19T15:56:24","slug":"polip-nedir","status":"publish","type":"page","link":"https:\/\/drparvizaslanov.com\/tr\/polip-nedir","title":{"rendered":"Polip Nedir?"},"content":{"rendered":"<div id='av-layout-grid-1'  class='av-layout-grid-container av-1c8375-d819e7cdfeced3cc90c10484db209eee entry-content-wrapper main_color av-flex-cells  avia-builder-el-0  el_before_av_section  avia-builder-el-first   container_wrap sidebar_right'  >\n\n<style type=\"text\/css\" data-created_by=\"avia_inline_auto\" id=\"style-css-av-d6rb09-16c1ffa5384dda03ad0453e3297c66c9\">\n.flex_cell.av-d6rb09-16c1ffa5384dda03ad0453e3297c66c9{\nvertical-align:middle;\nheight:500px;\nmin-height:500px;\npadding:80px 80px 80px 80px;\nbackground:url(https:\/\/drparvizaslanov.com\/tr\/wp-content\/uploads\/2021\/04\/polip-nedir-rinobaku-845x592.jpg) 0% 0% no-repeat scroll #22689e;\n}\n<\/style>\n<div class='flex_cell av_one_half av-d6rb09-16c1ffa5384dda03ad0453e3297c66c9 no_margin  avia-builder-el-1  el_before_av_cell_one_half  avia-builder-el-first  avia-full-stretch' ><div class='flex_cell_inner'><\/div><\/div>\n<style type=\"text\/css\" data-created_by=\"avia_inline_auto\" id=\"style-css-av-cljbx5-eb4dd344a002d6f10677329cb4aa75fd\">\n.flex_cell.av-cljbx5-eb4dd344a002d6f10677329cb4aa75fd{\nvertical-align:middle;\nheight:500px;\nmin-height:500px;\npadding:80px 80px 80px 80px;\nbackground-color:#7c7c7c;\n}\n<\/style>\n<div class='flex_cell av_one_half av-cljbx5-eb4dd344a002d6f10677329cb4aa75fd no_margin  avia-builder-el-2  el_after_av_cell_one_half  avia-builder-el-last ' ><div class='flex_cell_inner'><p>\n<style type=\"text\/css\" data-created_by=\"avia_inline_auto\" id=\"style-css-av-czsx49-32a582007dba6d0a219be8bae26a8cad\">\n#top .av-special-heading.av-czsx49-32a582007dba6d0a219be8bae26a8cad{\npadding-bottom:25px;\ncolor:#ffffff;\nfont-size:34px;\n}\nbody .av-special-heading.av-czsx49-32a582007dba6d0a219be8bae26a8cad .av-special-heading-tag .heading-char{\nfont-size:25px;\n}\n#top #wrap_all .av-special-heading.av-czsx49-32a582007dba6d0a219be8bae26a8cad .av-special-heading-tag{\nfont-size:34px;\n}\n.av-special-heading.av-czsx49-32a582007dba6d0a219be8bae26a8cad .special-heading-inner-border{\nborder-color:#ffffff;\n}\n.av-special-heading.av-czsx49-32a582007dba6d0a219be8bae26a8cad .av-subheading{\nfont-size:15px;\n}\n<\/style>\n<div  class='av-special-heading av-czsx49-32a582007dba6d0a219be8bae26a8cad av-special-heading-h3 custom-color-heading blockquote modern-quote  avia-builder-el-3  el_before_av_textblock  avia-builder-el-first  av-inherit-size'><h3 class='av-special-heading-tag'  itemprop=\"headline\"  >Polip Nedir?<\/h3><div class=\"special-heading-border\"><div class=\"special-heading-inner-border\"><\/div><\/div><\/div><br \/>\n\n<style type=\"text\/css\" data-created_by=\"avia_inline_auto\" id=\"style-css-av-1a4tbl-03925d075f89295056f7076efbaf986a\">\n#top .av_textblock_section.av-1a4tbl-03925d075f89295056f7076efbaf986a .avia_textblock{\ncolor:#ffffff;\n}\n<\/style>\n<section  class='av_textblock_section av-1a4tbl-03925d075f89295056f7076efbaf986a'  itemscope=\"itemscope\" itemtype=\"https:\/\/schema.org\/CreativeWork\" ><div class='avia_textblock av_inherit_color'  itemprop=\"text\" ><\/div><\/section><\/p>\n<\/div><\/div>\n<\/div>\n<div id='av_section_1'  class='avia-section av-chxza9-13bb36b8de50b4635e8307af8a3786d9 main_color avia-section-huge avia-no-border-styling  avia-builder-el-5  el_after_av_layout_row  avia-builder-el-last  avia-bg-style-scroll container_wrap sidebar_right'  ><div class='container av-section-cont-open' ><div class='template-page content  av-content-small alpha units'><div class='post-entry post-entry-type-page post-entry-1203'><div class='entry-content-wrapper clearfix'>\n<div class='flex_column_table av-cbfhxd-5069537efd4a01d98e94b770cac001f3 sc-av_one_third av-equal-height-column-flextable'>\n<style type=\"text\/css\" data-created_by=\"avia_inline_auto\" id=\"style-css-av-cbfhxd-5069537efd4a01d98e94b770cac001f3\">\n#top .flex_column_table.av-equal-height-column-flextable.av-cbfhxd-5069537efd4a01d98e94b770cac001f3{\nmargin-top:-200px;\nmargin-bottom:0px;\n}\n.flex_column.av-cbfhxd-5069537efd4a01d98e94b770cac001f3{\nborder-radius:0px 0px 0px 0px;\n-webkit-border-radius:0px 0px 0px 0px;\n-moz-border-radius:0px 0px 0px 0px;\npadding:40px 40px 40px 40px;\n}\n<\/style>\n<div class='flex_column av-cbfhxd-5069537efd4a01d98e94b770cac001f3 av_one_third  avia-builder-el-6  el_before_av_one_third  avia-builder-el-first  first no_margin flex_column_table_cell av-equal-height-column av-align-top '   ><\/div>\n<style type=\"text\/css\" data-created_by=\"avia_inline_auto\" id=\"style-css-av-c8b89d-f7d0a695e06bfb188535d6aa0396b0e0\">\n#top .flex_column_table.av-equal-height-column-flextable.av-c8b89d-f7d0a695e06bfb188535d6aa0396b0e0{\nmargin-top:-200px;\nmargin-bottom:0px;\n}\n.flex_column.av-c8b89d-f7d0a695e06bfb188535d6aa0396b0e0{\nborder-radius:0px 0px 0px 0px;\n-webkit-border-radius:0px 0px 0px 0px;\n-moz-border-radius:0px 0px 0px 0px;\npadding:40px 40px 40px 40px;\nbackground-color:#303030;\n}\n<\/style>\n<div class='flex_column av-c8b89d-f7d0a695e06bfb188535d6aa0396b0e0 av_one_third  avia-builder-el-7  el_after_av_one_third  el_before_av_one_third  no_margin flex_column_table_cell av-equal-height-column av-align-top '   ><p>\n<style type=\"text\/css\" data-created_by=\"avia_inline_auto\" id=\"style-css-av-c1vq5l-2274565a42cc97c9c00d90364d9dc172\">\n.av_font_icon.av-c1vq5l-2274565a42cc97c9c00d90364d9dc172{\ncolor:#ffffff;\nborder-color:#ffffff;\n}\n.av_font_icon.av-c1vq5l-2274565a42cc97c9c00d90364d9dc172 .av-icon-char{\nfont-size:60px;\nline-height:60px;\n}\n<\/style>\n<span  class='av_font_icon av-c1vq5l-2274565a42cc97c9c00d90364d9dc172 avia_animate_when_visible av-icon-style- avia-icon-pos-center avia-icon-animate'><span class='av-icon-char' aria-hidden='true' data-av_icon='' data-av_iconfont='medical' ><\/span><\/span><br \/>\n\n<style type=\"text\/css\" data-created_by=\"avia_inline_auto\" id=\"style-css-av-bvg9ld-767587c0c005dfd658211b8e78d4bddc\">\n#top .hr.hr-invisible.av-bvg9ld-767587c0c005dfd658211b8e78d4bddc{\nheight:20px;\n}\n<\/style>\n<div  class='hr av-bvg9ld-767587c0c005dfd658211b8e78d4bddc hr-invisible  avia-builder-el-9  el_after_av_font_icon  el_before_av_textblock '><span class='hr-inner '><span class=\"hr-inner-style\"><\/span><\/span><\/div><br \/>\n\n<style type=\"text\/css\" data-created_by=\"avia_inline_auto\" id=\"style-css-av-bmb9gh-c94a05315c7f24fea9dd6606c03abbbb\">\n#top .av_textblock_section.av-bmb9gh-c94a05315c7f24fea9dd6606c03abbbb .avia_textblock{\ncolor:#ffffff;\n}\n<\/style>\n<section  class='av_textblock_section av-bmb9gh-c94a05315c7f24fea9dd6606c03abbbb'  itemscope=\"itemscope\" itemtype=\"https:\/\/schema.org\/CreativeWork\" ><div class='avia_textblock av_inherit_color'  itemprop=\"text\" ><\/div><\/section><br \/>\n\n<style type=\"text\/css\" data-created_by=\"avia_inline_auto\" id=\"style-css-av-bha0rl-79b42d53be6b50935fac841c15c56b6e\">\n#top .hr.hr-invisible.av-bha0rl-79b42d53be6b50935fac841c15c56b6e{\nheight:8px;\n}\n<\/style>\n<div  class='hr av-bha0rl-79b42d53be6b50935fac841c15c56b6e hr-invisible  avia-builder-el-11  el_after_av_textblock  avia-builder-el-last '><span class='hr-inner '><span class=\"hr-inner-style\"><\/span><\/span><\/div><\/p><\/div>\n<style type=\"text\/css\" data-created_by=\"avia_inline_auto\" id=\"style-css-av-b7okt5-2c94ce7e18e69f9d379beb7e2b2d3041\">\n#top .flex_column_table.av-equal-height-column-flextable.av-b7okt5-2c94ce7e18e69f9d379beb7e2b2d3041{\nmargin-top:-200px;\nmargin-bottom:0px;\n}\n.flex_column.av-b7okt5-2c94ce7e18e69f9d379beb7e2b2d3041{\nborder-radius:0px 0px 0px 0px;\n-webkit-border-radius:0px 0px 0px 0px;\n-moz-border-radius:0px 0px 0px 0px;\npadding:40px 40px 40px 40px;\n}\n<\/style>\n<div class='flex_column av-b7okt5-2c94ce7e18e69f9d379beb7e2b2d3041 av_one_third  avia-builder-el-12  el_after_av_one_third  el_before_av_one_full  no_margin flex_column_table_cell av-equal-height-column av-align-top '   ><\/div><\/div><!--close column table wrapper. Autoclose: 1 -->\n<style type=\"text\/css\" data-created_by=\"avia_inline_auto\" id=\"style-css-av-aggsfl-e50d94f2d94a0469a74b5ee2589970a2\">\n.flex_column.av-aggsfl-e50d94f2d94a0469a74b5ee2589970a2{\nborder-radius:0px 0px 0px 0px;\n-webkit-border-radius:0px 0px 0px 0px;\n-moz-border-radius:0px 0px 0px 0px;\n}\n<\/style>\n<div class='flex_column av-aggsfl-e50d94f2d94a0469a74b5ee2589970a2 av_one_full  avia-builder-el-13  el_after_av_one_third  avia-builder-el-last  first flex_column_div  av-animated-generic bottom-to-top av-zero-column-padding column-top-margin'   ><p>\n<style type=\"text\/css\" data-created_by=\"avia_inline_auto\" id=\"style-css-av-aaafsx-fbf45bc679e3cf714ea4118ea740ef9c\">\n#top .av-special-heading.av-aaafsx-fbf45bc679e3cf714ea4118ea740ef9c{\npadding-bottom:20px;\nfont-size:34px;\n}\nbody .av-special-heading.av-aaafsx-fbf45bc679e3cf714ea4118ea740ef9c .av-special-heading-tag .heading-char{\nfont-size:25px;\n}\n#top #wrap_all .av-special-heading.av-aaafsx-fbf45bc679e3cf714ea4118ea740ef9c .av-special-heading-tag{\nfont-size:34px;\n}\n.av-special-heading.av-aaafsx-fbf45bc679e3cf714ea4118ea740ef9c .av-subheading{\nfont-size:15px;\n}\n<\/style>\n<div  class='av-special-heading av-aaafsx-fbf45bc679e3cf714ea4118ea740ef9c av-special-heading-h3 blockquote modern-quote  avia-builder-el-14  el_before_av_textblock  avia-builder-el-first  av-inherit-size'><h3 class='av-special-heading-tag'  itemprop=\"headline\"  >Polip Nedir?<\/h3><div class=\"special-heading-border\"><div class=\"special-heading-inner-border\"><\/div><\/div><\/div><br \/>\n<section  class='av_textblock_section av-a4l989-1b0585bab80d85802d80dc227be69d31'  itemscope=\"itemscope\" itemtype=\"https:\/\/schema.org\/CreativeWork\" ><div class='avia_textblock'  itemprop=\"text\" ><p>G\u00f6r\u00fcn\u00fcm, ayakl\u0131 ve ayaks\u0131z birka\u00e7 milimetreden birka\u00e7 santimetreye kadard\u0131r. Burunda yer alan polipler genellikle sinus kaynakl\u0131d\u0131r.<\/p>\n<p>Polip neden olu\u015fur?<\/p>\n<p>Polip olu\u015fumunun kesin nedeni bilinmemektedir. Bu konuda \u00e7e\u015fitli teoriler ileri s\u00fcr\u00fclm\u00fc\u015ft\u00fcr. Bunlar aras\u0131nda bakterilerin yaratt\u0131\u011f\u0131 alerjik reaksiyonlar\u0131n mantarlar\u0131n olu\u015fturdu\u011fu reaksiyonlar gibi bir\u00e7ok fakt\u00f6rleri var. Sonu\u00e7 olarak burun dokusunda ortaya \u00e7\u0131kan reaksiyon \u015fi\u015flik, b\u00fcy\u00fcme ve burnun i\u00e7ine do\u011fru yay\u0131l\u0131m ile sonu\u00e7lan\u0131yor ve bu da burun t\u0131kan\u0131kl\u0131\u011f\u0131, koku alma bozukluklar\u0131, ba\u015f a\u011fr\u0131s\u0131 ve burun ak\u0131nt\u0131s\u0131 gibi \u015fikayetlere neden olur.<\/p>\n<p>Poliplerin hangi tipleri var?<\/p>\n<p>Poliplerin farkl\u0131 tipleri var. Burundaki polipler solunum sisteminin nazal polipleridir. En yayg\u0131n olan\u0131 hem burun bo\u015flu\u011funu hem de sin\u00fcsleri kaplayan tiptir.<br \/>\nAyr\u0131ca antrokoanal polipler \u00e7ocukluk \u00e7a\u011f\u0131nda daha s\u0131k g\u00f6r\u00fclmektedir.<\/p>\n<p>Polip sin\u00fczit ba\u011flant\u0131s\u0131<\/p>\n<p>Sin\u00fczit ve nazal polipler s\u0131kl\u0131kla kar\u0131\u015ft\u0131r\u0131l\u0131r.<br \/>\nSin\u00fczit sin\u00fcslerin bo\u015falma yerlerinin t\u0131kanmas\u0131 sonucunda ortaya \u00e7\u0131kan sinus i\u00e7inde iltihab\u0131n olu\u015fmas\u0131 ile karakterize olunan bir hastal\u0131kt\u0131r. \u00c7e\u015fitli sebeplerden olu\u015fabilir. Bu sebeplerden biri de poliplerdir. Burun i\u00e7indeki polipler sinus bo\u015falma kanallar\u0131n\u0131 tutarak sinus i\u00e7inde iltihaplara sebep olabilir. Bu s\u00fcrecin g\u00f6r\u00fcnt\u00fcleme metodlar\u0131 (tomografi, endoskopik muayene) ile a\u00e7\u0131klanmas\u0131 gereklidir. Tedavi yolu da buna g\u00f6re se\u00e7ilir.<\/p>\n<p>Poliplerin tedavi y\u00f6ntemleri hangilerdir?<\/p>\n<p>\u0130ki tedavi y\u00f6ntemi var:<\/p>\n<p>1. Medikal tedavi: Medikal tedavide antibiyotikler, spreyler ve damlalar, antihistaminikler ve vazokonstrikt\u00f6rler kullan\u0131labilir. Burada ama\u00e7, ikincil enfeksiyonu d\u00fczeltmek, polipin boyutunu k\u00fc\u00e7\u00fcltmek ve burun solunumunu rahatlatarak hastan\u0131n ya\u015fam kalitesini iyile\u015ftirmektir.<\/p>\n<p>2.Cerrahi tedavi: Cerrahi tedaviden sonra daha iyi ve kesin sonu\u00e7lar al\u0131nabilir. Bunun i\u00e7in polipler medikal tedaviyle k\u00fc\u00e7\u00fcld\u00fckten sonra cerrahi y\u00f6ntemle temizlenir ve kortizon kullan\u0131m\u0131 poliplerin yeniden yaranmas\u0131 riskini azalt\u0131r. Ama t\u00fcm bunlara ra\u011fmen polipler yine b\u00fcy\u00fcyebilir. Bunu \u00f6nceden hastaya tam olarak anlatmak gerekir.<\/p>\n<p>Ameliyatta y\u00f6ntem olarak neler yap\u0131l\u0131r?<br \/>\n-Fonksiyonel Endoskopik Sinus cerrahisi<\/p>\n<p>Polip ameliyat\u0131n\u0131n temel amac\u0131 polipleri \u00e7\u0131kar\u0131p burun yolunu a\u00e7mak, sin\u00fcsleri poliplerden temizlemek, kapal\u0131 sin\u00fcsleri d\u0131\u015far\u0131dan a\u00e7mak, enfeksiyonlardan temizlemek ve havaland\u0131rma sa\u011flamakt\u0131r. Bu operasyonlar art\u0131k g\u00fcn\u00fcm\u00fczde endoskopi ad\u0131 verilen \u0131\u015f\u0131k ve g\u00f6r\u00fc\u015f sa\u011flayan aletlerle yap\u0131lmakta ve bu nedenle d\u0131\u015far\u0131dan kesimler gerekmemektedir.<\/p>\n<\/div><\/section><\/p><\/div><\/div><\/div><\/div><!-- close content main div --><\/div><\/div><div id='after_section_1'  class='main_color av_default_container_wrap container_wrap sidebar_right'  ><div class='container av-section-cont-open' ><div class='template-page content  av-content-small alpha units'><div class='post-entry post-entry-type-page post-entry-1203'><div class='entry-content-wrapper clearfix'>\n","protected":false},"excerpt":{"rendered":"","protected":false},"author":1,"featured_media":0,"parent":0,"menu_order":0,"comment_status":"closed","ping_status":"closed","template":"","meta":[],"_links":{"self":[{"href":"https:\/\/drparvizaslanov.com\/tr\/wp-json\/wp\/v2\/pages\/1203"}],"collection":[{"href":"https:\/\/drparvizaslanov.com\/tr\/wp-json\/wp\/v2\/pages"}],"about":[{"href":"https:\/\/drparvizaslanov.com\/tr\/wp-json\/wp\/v2\/types\/page"}],"author":[{"embeddable":true,"href":"https:\/\/drparvizaslanov.com\/tr\/wp-json\/wp\/v2\/users\/1"}],"replies":[{"embeddable":true,"href":"https:\/\/drparvizaslanov.com\/tr\/wp-json\/wp\/v2\/comments?post=1203"}],"version-history":[{"count":8,"href":"https:\/\/drparvizaslanov.com\/tr\/wp-json\/wp\/v2\/pages\/1203\/revisions"}],"predecessor-version":[{"id":1772,"href":"https:\/\/drparvizaslanov.com\/tr\/wp-json\/wp\/v2\/pages\/1203\/revisions\/1772"}],"wp:attachment":[{"href":"https:\/\/drparvizaslanov.com\/tr\/wp-json\/wp\/v2\/media?parent=1203"}],"curies":[{"name":"wp","href":"https:\/\/api.w.org\/{rel}","templated":true}]}}