{"id":1206,"date":"2021-04-27T13:48:49","date_gmt":"2021-04-27T10:48:49","guid":{"rendered":"https:\/\/drparvizaslanov.com\/?page_id=1206"},"modified":"2023-09-19T19:02:08","modified_gmt":"2023-09-19T16:02:08","slug":"sinuzit-nedir","status":"publish","type":"page","link":"https:\/\/drparvizaslanov.com\/tr\/sinuzit-nedir","title":{"rendered":"Sin\u00fczit Nedir ?"},"content":{"rendered":"<div id='av-layout-grid-1'  class='av-layout-grid-container av-1c8375-d819e7cdfeced3cc90c10484db209eee entry-content-wrapper main_color av-flex-cells  avia-builder-el-0  el_before_av_section  avia-builder-el-first   container_wrap sidebar_right'  >\n\n<style type=\"text\/css\" data-created_by=\"avia_inline_auto\" id=\"style-css-av-d6rb09-ea0a496a7bd8a19033e6305489f749cd\">\n.flex_cell.av-d6rb09-ea0a496a7bd8a19033e6305489f749cd{\nvertical-align:middle;\nheight:500px;\nmin-height:500px;\npadding:80px 80px 80px 80px;\nbackground:url(https:\/\/drparvizaslanov.com\/tr\/wp-content\/uploads\/2021\/04\/sinusit-nedir-rinobaku-845x684.jpg) 0% 0% no-repeat scroll #22689e;\n}\n<\/style>\n<div class='flex_cell av_one_half av-d6rb09-ea0a496a7bd8a19033e6305489f749cd no_margin  avia-builder-el-1  el_before_av_cell_one_half  avia-builder-el-first  avia-full-stretch' ><div class='flex_cell_inner'><\/div><\/div>\n<style type=\"text\/css\" data-created_by=\"avia_inline_auto\" id=\"style-css-av-cljbx5-eb4dd344a002d6f10677329cb4aa75fd\">\n.flex_cell.av-cljbx5-eb4dd344a002d6f10677329cb4aa75fd{\nvertical-align:middle;\nheight:500px;\nmin-height:500px;\npadding:80px 80px 80px 80px;\nbackground-color:#7c7c7c;\n}\n<\/style>\n<div class='flex_cell av_one_half av-cljbx5-eb4dd344a002d6f10677329cb4aa75fd no_margin  avia-builder-el-2  el_after_av_cell_one_half  avia-builder-el-last ' ><div class='flex_cell_inner'><p>\n<style type=\"text\/css\" data-created_by=\"avia_inline_auto\" id=\"style-css-av-czsx49-c5c32e2aba8dc27a4518c4d4a65e3645\">\n#top .av-special-heading.av-czsx49-c5c32e2aba8dc27a4518c4d4a65e3645{\npadding-bottom:25px;\ncolor:#ffffff;\nfont-size:34px;\n}\nbody .av-special-heading.av-czsx49-c5c32e2aba8dc27a4518c4d4a65e3645 .av-special-heading-tag .heading-char{\nfont-size:25px;\n}\n#top #wrap_all .av-special-heading.av-czsx49-c5c32e2aba8dc27a4518c4d4a65e3645 .av-special-heading-tag{\nfont-size:34px;\n}\n.av-special-heading.av-czsx49-c5c32e2aba8dc27a4518c4d4a65e3645 .special-heading-inner-border{\nborder-color:#ffffff;\n}\n.av-special-heading.av-czsx49-c5c32e2aba8dc27a4518c4d4a65e3645 .av-subheading{\nfont-size:15px;\n}\n<\/style>\n<div  class='av-special-heading av-czsx49-c5c32e2aba8dc27a4518c4d4a65e3645 av-special-heading-h3 custom-color-heading blockquote modern-quote  avia-builder-el-3  el_before_av_textblock  avia-builder-el-first  av-inherit-size'><h3 class='av-special-heading-tag'  itemprop=\"headline\"  >Sin\u00fczit Nedir ?<\/h3><div class=\"special-heading-border\"><div class=\"special-heading-inner-border\"><\/div><\/div><\/div><br \/>\n\n<style type=\"text\/css\" data-created_by=\"avia_inline_auto\" id=\"style-css-av-1a4tbl-03925d075f89295056f7076efbaf986a\">\n#top .av_textblock_section.av-1a4tbl-03925d075f89295056f7076efbaf986a .avia_textblock{\ncolor:#ffffff;\n}\n<\/style>\n<section  class='av_textblock_section av-1a4tbl-03925d075f89295056f7076efbaf986a'  itemscope=\"itemscope\" itemtype=\"https:\/\/schema.org\/CreativeWork\" ><div class='avia_textblock av_inherit_color'  itemprop=\"text\" ><\/div><\/section><\/p>\n<\/div><\/div>\n<\/div>\n<div id='av_section_1'  class='avia-section av-chxza9-13bb36b8de50b4635e8307af8a3786d9 main_color avia-section-huge avia-no-border-styling  avia-builder-el-5  el_after_av_layout_row  avia-builder-el-last  avia-bg-style-scroll container_wrap sidebar_right'  ><div class='container av-section-cont-open' ><div class='template-page content  av-content-small alpha units'><div class='post-entry post-entry-type-page post-entry-1206'><div class='entry-content-wrapper clearfix'>\n<div class='flex_column_table av-cbfhxd-5069537efd4a01d98e94b770cac001f3 sc-av_one_third av-equal-height-column-flextable'>\n<style type=\"text\/css\" data-created_by=\"avia_inline_auto\" id=\"style-css-av-cbfhxd-5069537efd4a01d98e94b770cac001f3\">\n#top .flex_column_table.av-equal-height-column-flextable.av-cbfhxd-5069537efd4a01d98e94b770cac001f3{\nmargin-top:-200px;\nmargin-bottom:0px;\n}\n.flex_column.av-cbfhxd-5069537efd4a01d98e94b770cac001f3{\nborder-radius:0px 0px 0px 0px;\n-webkit-border-radius:0px 0px 0px 0px;\n-moz-border-radius:0px 0px 0px 0px;\npadding:40px 40px 40px 40px;\n}\n<\/style>\n<div class='flex_column av-cbfhxd-5069537efd4a01d98e94b770cac001f3 av_one_third  avia-builder-el-6  el_before_av_one_third  avia-builder-el-first  first no_margin flex_column_table_cell av-equal-height-column av-align-top '   ><\/div>\n<style type=\"text\/css\" data-created_by=\"avia_inline_auto\" id=\"style-css-av-c8b89d-f7d0a695e06bfb188535d6aa0396b0e0\">\n#top .flex_column_table.av-equal-height-column-flextable.av-c8b89d-f7d0a695e06bfb188535d6aa0396b0e0{\nmargin-top:-200px;\nmargin-bottom:0px;\n}\n.flex_column.av-c8b89d-f7d0a695e06bfb188535d6aa0396b0e0{\nborder-radius:0px 0px 0px 0px;\n-webkit-border-radius:0px 0px 0px 0px;\n-moz-border-radius:0px 0px 0px 0px;\npadding:40px 40px 40px 40px;\nbackground-color:#303030;\n}\n<\/style>\n<div class='flex_column av-c8b89d-f7d0a695e06bfb188535d6aa0396b0e0 av_one_third  avia-builder-el-7  el_after_av_one_third  el_before_av_one_third  no_margin flex_column_table_cell av-equal-height-column av-align-top '   ><p>\n<style type=\"text\/css\" data-created_by=\"avia_inline_auto\" id=\"style-css-av-c1vq5l-2274565a42cc97c9c00d90364d9dc172\">\n.av_font_icon.av-c1vq5l-2274565a42cc97c9c00d90364d9dc172{\ncolor:#ffffff;\nborder-color:#ffffff;\n}\n.av_font_icon.av-c1vq5l-2274565a42cc97c9c00d90364d9dc172 .av-icon-char{\nfont-size:60px;\nline-height:60px;\n}\n<\/style>\n<span  class='av_font_icon av-c1vq5l-2274565a42cc97c9c00d90364d9dc172 avia_animate_when_visible av-icon-style- avia-icon-pos-center avia-icon-animate'><span class='av-icon-char' aria-hidden='true' data-av_icon='' data-av_iconfont='medical' ><\/span><\/span><br \/>\n\n<style type=\"text\/css\" data-created_by=\"avia_inline_auto\" id=\"style-css-av-bvg9ld-767587c0c005dfd658211b8e78d4bddc\">\n#top .hr.hr-invisible.av-bvg9ld-767587c0c005dfd658211b8e78d4bddc{\nheight:20px;\n}\n<\/style>\n<div  class='hr av-bvg9ld-767587c0c005dfd658211b8e78d4bddc hr-invisible  avia-builder-el-9  el_after_av_font_icon  el_before_av_textblock '><span class='hr-inner '><span class=\"hr-inner-style\"><\/span><\/span><\/div><br \/>\n\n<style type=\"text\/css\" data-created_by=\"avia_inline_auto\" id=\"style-css-av-bmb9gh-c94a05315c7f24fea9dd6606c03abbbb\">\n#top .av_textblock_section.av-bmb9gh-c94a05315c7f24fea9dd6606c03abbbb .avia_textblock{\ncolor:#ffffff;\n}\n<\/style>\n<section  class='av_textblock_section av-bmb9gh-c94a05315c7f24fea9dd6606c03abbbb'  itemscope=\"itemscope\" itemtype=\"https:\/\/schema.org\/CreativeWork\" ><div class='avia_textblock av_inherit_color'  itemprop=\"text\" ><\/div><\/section><br \/>\n\n<style type=\"text\/css\" data-created_by=\"avia_inline_auto\" id=\"style-css-av-bha0rl-79b42d53be6b50935fac841c15c56b6e\">\n#top .hr.hr-invisible.av-bha0rl-79b42d53be6b50935fac841c15c56b6e{\nheight:8px;\n}\n<\/style>\n<div  class='hr av-bha0rl-79b42d53be6b50935fac841c15c56b6e hr-invisible  avia-builder-el-11  el_after_av_textblock  avia-builder-el-last '><span class='hr-inner '><span class=\"hr-inner-style\"><\/span><\/span><\/div><\/p><\/div>\n<style type=\"text\/css\" data-created_by=\"avia_inline_auto\" id=\"style-css-av-b7okt5-2c94ce7e18e69f9d379beb7e2b2d3041\">\n#top .flex_column_table.av-equal-height-column-flextable.av-b7okt5-2c94ce7e18e69f9d379beb7e2b2d3041{\nmargin-top:-200px;\nmargin-bottom:0px;\n}\n.flex_column.av-b7okt5-2c94ce7e18e69f9d379beb7e2b2d3041{\nborder-radius:0px 0px 0px 0px;\n-webkit-border-radius:0px 0px 0px 0px;\n-moz-border-radius:0px 0px 0px 0px;\npadding:40px 40px 40px 40px;\n}\n<\/style>\n<div class='flex_column av-b7okt5-2c94ce7e18e69f9d379beb7e2b2d3041 av_one_third  avia-builder-el-12  el_after_av_one_third  el_before_av_one_full  no_margin flex_column_table_cell av-equal-height-column av-align-top '   ><\/div><\/div><!--close column table wrapper. Autoclose: 1 -->\n<style type=\"text\/css\" data-created_by=\"avia_inline_auto\" id=\"style-css-av-aggsfl-e50d94f2d94a0469a74b5ee2589970a2\">\n.flex_column.av-aggsfl-e50d94f2d94a0469a74b5ee2589970a2{\nborder-radius:0px 0px 0px 0px;\n-webkit-border-radius:0px 0px 0px 0px;\n-moz-border-radius:0px 0px 0px 0px;\n}\n<\/style>\n<div class='flex_column av-aggsfl-e50d94f2d94a0469a74b5ee2589970a2 av_one_full  avia-builder-el-13  el_after_av_one_third  avia-builder-el-last  first flex_column_div  av-animated-generic bottom-to-top av-zero-column-padding column-top-margin'   ><p>\n<style type=\"text\/css\" data-created_by=\"avia_inline_auto\" id=\"style-css-av-aaafsx-b52df4bbe31e57c1a5bc8dad718845c2\">\n#top .av-special-heading.av-aaafsx-b52df4bbe31e57c1a5bc8dad718845c2{\npadding-bottom:20px;\nfont-size:34px;\n}\nbody .av-special-heading.av-aaafsx-b52df4bbe31e57c1a5bc8dad718845c2 .av-special-heading-tag .heading-char{\nfont-size:25px;\n}\n#top #wrap_all .av-special-heading.av-aaafsx-b52df4bbe31e57c1a5bc8dad718845c2 .av-special-heading-tag{\nfont-size:34px;\n}\n.av-special-heading.av-aaafsx-b52df4bbe31e57c1a5bc8dad718845c2 .av-subheading{\nfont-size:15px;\n}\n<\/style>\n<div  class='av-special-heading av-aaafsx-b52df4bbe31e57c1a5bc8dad718845c2 av-special-heading-h3 blockquote modern-quote  avia-builder-el-14  el_before_av_textblock  avia-builder-el-first  av-inherit-size'><h3 class='av-special-heading-tag'  itemprop=\"headline\"  >S\u0130N\u00dcZ\u0130T NED\u0130R?<\/h3><div class=\"special-heading-border\"><div class=\"special-heading-inner-border\"><\/div><\/div><\/div><br \/>\n<section  class='av_textblock_section av-a4l989-1b0585bab80d85802d80dc227be69d31'  itemscope=\"itemscope\" itemtype=\"https:\/\/schema.org\/CreativeWork\" ><div class='avia_textblock'  itemprop=\"text\" ><p>Burun \u00e7evresindeki sin\u00fcslerin iltihab\u0131na genel olarak sin\u00fczit denilir. Toplam <strong>4<\/strong> \u00e7ift olan <strong>sin\u00fcsler<\/strong>, frontal, sfenoid, etmoid ve maksiller sin\u00fcslerdir. Maksiller en b\u00fcy\u00fc\u011f\u00fc olup 30 santimetrek\u00fcp hacme ula\u015f\u0131r. Onlar \u00c7ene b\u00f6lgesinin derinliklerinde bulunurlar. Maksiller sin\u00fcs\u00fcn \u015fekli \u00fc\u00e7gen piramidi and\u0131r\u0131yor. Onun en \u00f6nemli k\u0131sm\u0131 burnun i\u00e7 duvar\u0131d\u0131r. Burada cepten, burun bo\u015flu\u011funa a\u00e7\u0131lan delik vard\u0131r.<\/p>\n<p>Bazen maksiller cebin alt k\u0131sm\u0131 \u00fcst ve alt di\u015flerin k\u00f6klerine yak\u0131n bir yerde bulunur, bu durumda sadece bir mukoza zar\u0131 ile kaplan\u0131rlar. Maksiller sin\u00fcs\u00fcn iltihab\u0131na sin\u00fczit denir.<\/p>\n<p>Sebepleri ve t\u00fcrleri<\/p>\n<p>Maksiller sin\u00fczit \u2013 sin\u00fcslerin\u00a0 iltihab\u0131, \u00f6zellikle akut, rinit, grip, k\u0131zam\u0131k, k\u0131z\u0131l,vb. bula\u015f\u0131c\u0131 hastal\u0131klar\u0131n bir komplikasyonu olarak ortaya \u00e7\u0131kar. Di\u011fer bir yayg\u0131n neden, \u00fcst \u00e7enedeki d\u00f6rt di\u015fin k\u00f6k\u00fcn\u00fcn iltihaplanmas\u0131d\u0131r (odontogenik maksiller sin\u00fcsler).<\/p>\n<p>Akut sin\u00fczitler, akut solunum yolu viral enfeksiyonun (AR\u0130) arka plan\u0131nda bile ortaya \u00e7\u0131kt\u0131\u011f\u0131 i\u00e7in, hastal\u0131\u011f\u0131 ayakta atlatmaya \u00e7al\u0131\u015fmak tehlikelidir. \u0130nflamatuar s\u00fcre\u00e7 daha fazla geli\u015firse, kural olarak, birka\u00e7 sin\u00fcs\u00fcn iltihab\u0131 \u2013 polisin\u00fczit olu\u015fur.<\/p>\n<p>Uzun s\u00fcreli so\u011fuk alg\u0131nl\u0131\u011f\u0131 semptomlar\u0131 aras\u0131nda kas\u0131k b\u00f6lgesinde a\u011fr\u0131, gerginlik ve bask\u0131 hissi al\u0131n, kal\u00e7a ve kas\u0131klara yay\u0131lan ve sonunda y\u00fcz\u00fcn yar\u0131s\u0131n\u0131 kaplayan a\u011fr\u0131 bulunur.<\/p>\n<p>\u015e\u00f6yle ki, so\u011fuk alg\u0131nl\u0131\u011f\u0131 7 g\u00fcnden art\u0131k devam ederse ve a\u011fr\u0131yla birlikte burundan g\u00fc\u00e7l\u00fc bir ak\u0131nt\u0131 geliyorsa sin\u00fcslerde iltihaplanman\u0131n ba\u015flad\u0131\u011f\u0131n\u0131n g\u00f6stergesidir.<\/p>\n<p>Bu nedenle \u201cbasit so\u011fuk alg\u0131nl\u0131\u011f\u0131\u201d g\u00f6z ard\u0131 edilmemelidir. Nezle oldu\u011funuzda bile\u00a0 kronik bir forma, sin\u00fczite ve di\u011fer komplikasyonlara yol a\u00e7abildi\u011finden sa\u011fl\u0131\u011f\u0131n\u0131za zararl\u0131 olabilir.<\/p>\n<p>Semptomlar\u0131<\/p>\n<p>Burun solunumu bozulur, salg\u0131lar gelmeye ba\u015flar, g\u00f6zlerde ya\u015flar olur, \u0131\u015f\u0131k korkusu, koku alma duyusu bozulur. \u0130lk g\u00fcnlerde s\u0131cakl\u0131k y\u00fckselir, genel durum k\u00f6t\u00fcle\u015fir ve titreme olur. Bazen y\u00fcz ve alt g\u00f6z kapaklar\u0131 \u015fi\u015fmi\u015f ve maksiller sin\u00fczit olan tarafta a\u011fr\u0131l\u0131 olur. Bir\u00e7ok hasta g\u00fcn i\u00e7inde ayn\u0131 anda \u015fiddetli a\u011fr\u0131 ya\u015far.<\/p>\n<p>Te\u015fhisi<\/p>\n<p>Te\u015fhisi do\u011frulamak i\u00e7in bir r\u00f6ntgen ve ya bilgisayarl\u0131 tomografi taramas\u0131 gereklidir.<br \/>\nR\u00f6ntgende sin\u00fcslerde g\u00f6lgeler g\u00f6r\u00fcn\u00fcr.<br \/>\nAyr\u0131ca lokal anestezi alt\u0131nda \u00f6zel bir i\u011fneyle maksiller sin\u00fcs test i\u00e7in delinir. Bu yolla i\u00e7eri\u011finin niteli\u011fi belirlenir.<\/p>\n<p>Tedavisi<\/p>\n<p>\u0130lk a\u015famada fizyoterapi prosed\u00fcrleri ve antibiyotikler irin olu\u015fumunu engelleyebilir.<\/p>\n<p>Antibiyotiklerle birlikte antihistaminikler, antikoag\u00fclanlar ve spreyler re\u00e7ete edilir.<\/p>\n<p>Ayr\u0131ca test ponksiyonu s\u0131ras\u0131nda cepte irin bulunursa irin a\u00e7\u0131l\u0131p temizlenmesi iyile\u015fmeyi h\u0131zland\u0131racak ve hastay\u0131 a\u011fr\u0131dan kurtaracakt\u0131r.<\/p>\n<p>Bununla birlikte antikonv\u00fclzanlar\u0131n sadece 5-7 g\u00fcnden fazla olmayan akut d\u00f6nemde kullan\u0131labilece\u011fi ak\u0131lda tutulmal\u0131d\u0131r. Onlar\u0131n uzun s\u00fcreli kullan\u0131mlar\u0131 ila\u00e7 ba\u011f\u0131ml\u0131l\u0131\u011f\u0131na, ilaca ba\u011fl\u0131 so\u011fuk alg\u0131nl\u0131\u011f\u0131na ve baz\u0131 vask\u00fcler fel\u00e7lere veya burun mukozas\u0131ndaki mukoz membranlar\u0131n atrofisine yol a\u00e7abilir. Sonu\u00e7 olarak burun s\u00fcrekli t\u0131kan\u0131r ve bu durumdan ameliyats\u0131z \u00e7\u0131kmak \u00e7o\u011fu zaman m\u00fcmk\u00fcn olmaz. Bu nedenle burun damlas\u0131 kullan\u0131rken re\u00e7eteye sad\u0131k kal\u0131narak kullan\u0131lmal\u0131d\u0131r.<\/p>\n<p>Burun \u00e7evresindeki ceplerin iltihaplanmas\u0131 da zat\u00fcrree, kronik, bron\u015fit, bron\u015fiyal ast\u0131m vb. gibi hastal\u0131klar\u0131n geli\u015fimini te\u015fvik edebilir.<\/p>\n<p>Bu ceplerin beyne ve g\u00f6z yuvalar\u0131na yak\u0131n konumu, meninkslerin s\u00fcrece dahil olmas\u0131na ve b\u00fcy\u00fck beyin damarlar\u0131n\u0131n trombozuna yol a\u00e7\u0131labilir. Kemik ili\u011finin osteomiyeliti, beyin ve meninks iltihab\u0131, apseler ve ampiyem en korkutucu ve ciddi prognoz aras\u0131ndad\u0131r. Bu durumda hastal\u0131\u011f\u0131n prognozu daha ciddi hale gelir ve bu durumda cerrahi tedavi ka\u00e7\u0131n\u0131lmazd\u0131r.<\/p>\n<p>Bu t\u00fcr operasyonlara genel olarak sinus cerrahisi denir.<\/p>\n<\/div><\/section><\/p><\/div><\/div><\/div><\/div><!-- close content main div --><\/div><\/div><div id='after_section_1'  class='main_color av_default_container_wrap container_wrap sidebar_right'  ><div class='container av-section-cont-open' ><div class='template-page content  av-content-small alpha units'><div class='post-entry post-entry-type-page post-entry-1206'><div class='entry-content-wrapper clearfix'>\n","protected":false},"excerpt":{"rendered":"","protected":false},"author":1,"featured_media":0,"parent":0,"menu_order":0,"comment_status":"closed","ping_status":"closed","template":"","meta":[],"_links":{"self":[{"href":"https:\/\/drparvizaslanov.com\/tr\/wp-json\/wp\/v2\/pages\/1206"}],"collection":[{"href":"https:\/\/drparvizaslanov.com\/tr\/wp-json\/wp\/v2\/pages"}],"about":[{"href":"https:\/\/drparvizaslanov.com\/tr\/wp-json\/wp\/v2\/types\/page"}],"author":[{"embeddable":true,"href":"https:\/\/drparvizaslanov.com\/tr\/wp-json\/wp\/v2\/users\/1"}],"replies":[{"embeddable":true,"href":"https:\/\/drparvizaslanov.com\/tr\/wp-json\/wp\/v2\/comments?post=1206"}],"version-history":[{"count":8,"href":"https:\/\/drparvizaslanov.com\/tr\/wp-json\/wp\/v2\/pages\/1206\/revisions"}],"predecessor-version":[{"id":1773,"href":"https:\/\/drparvizaslanov.com\/tr\/wp-json\/wp\/v2\/pages\/1206\/revisions\/1773"}],"wp:attachment":[{"href":"https:\/\/drparvizaslanov.com\/tr\/wp-json\/wp\/v2\/media?parent=1206"}],"curies":[{"name":"wp","href":"https:\/\/api.w.org\/{rel}","templated":true}]}}