{"id":1209,"date":"2021-04-27T13:59:11","date_gmt":"2021-04-27T10:59:11","guid":{"rendered":"https:\/\/drparvizaslanov.com\/?page_id=1209"},"modified":"2023-09-19T16:49:54","modified_gmt":"2023-09-19T13:49:54","slug":"kronik-bademcik-iltihabi","status":"publish","type":"page","link":"https:\/\/drparvizaslanov.com\/tr\/kronik-bademcik-iltihabi","title":{"rendered":"Kronik Bademcik \u0130ltihab\u0131"},"content":{"rendered":"<div id='av-layout-grid-1'  class='av-layout-grid-container av-1c8375-d819e7cdfeced3cc90c10484db209eee entry-content-wrapper main_color av-flex-cells  avia-builder-el-0  el_before_av_section  avia-builder-el-first   container_wrap sidebar_right'  >\n\n<style type=\"text\/css\" data-created_by=\"avia_inline_auto\" id=\"style-css-av-d6rb09-0c5b07d86b9c861385b5f269d7d0e278\">\n.flex_cell.av-d6rb09-0c5b07d86b9c861385b5f269d7d0e278{\nvertical-align:middle;\nheight:500px;\nmin-height:500px;\npadding:80px 80px 80px 80px;\nbackground:url(https:\/\/drparvizaslanov.com\/tr\/wp-content\/uploads\/2021\/09\/xroniki-tonzillit-300x200.jpg) 0% 0% no-repeat scroll #22689e;\n}\n<\/style>\n<div class='flex_cell av_one_half av-d6rb09-0c5b07d86b9c861385b5f269d7d0e278 no_margin  avia-builder-el-1  el_before_av_cell_one_half  avia-builder-el-first  avia-full-stretch' ><div class='flex_cell_inner'><\/div><\/div>\n<style type=\"text\/css\" data-created_by=\"avia_inline_auto\" id=\"style-css-av-cljbx5-eb4dd344a002d6f10677329cb4aa75fd\">\n.flex_cell.av-cljbx5-eb4dd344a002d6f10677329cb4aa75fd{\nvertical-align:middle;\nheight:500px;\nmin-height:500px;\npadding:80px 80px 80px 80px;\nbackground-color:#7c7c7c;\n}\n<\/style>\n<div class='flex_cell av_one_half av-cljbx5-eb4dd344a002d6f10677329cb4aa75fd no_margin  avia-builder-el-2  el_after_av_cell_one_half  avia-builder-el-last ' ><div class='flex_cell_inner'><p>\n<style type=\"text\/css\" data-created_by=\"avia_inline_auto\" id=\"style-css-av-czsx49-e6d08c4eabb9379398714da7b507de05\">\n#top .av-special-heading.av-czsx49-e6d08c4eabb9379398714da7b507de05{\npadding-bottom:25px;\ncolor:#ffffff;\nfont-size:34px;\n}\nbody .av-special-heading.av-czsx49-e6d08c4eabb9379398714da7b507de05 .av-special-heading-tag .heading-char{\nfont-size:25px;\n}\n#top #wrap_all .av-special-heading.av-czsx49-e6d08c4eabb9379398714da7b507de05 .av-special-heading-tag{\nfont-size:34px;\n}\n.av-special-heading.av-czsx49-e6d08c4eabb9379398714da7b507de05 .special-heading-inner-border{\nborder-color:#ffffff;\n}\n.av-special-heading.av-czsx49-e6d08c4eabb9379398714da7b507de05 .av-subheading{\nfont-size:15px;\n}\n<\/style>\n<div  class='av-special-heading av-czsx49-e6d08c4eabb9379398714da7b507de05 av-special-heading-h3 custom-color-heading blockquote modern-quote  avia-builder-el-3  el_before_av_textblock  avia-builder-el-first  av-inherit-size'><h3 class='av-special-heading-tag'  itemprop=\"headline\"  >Kronik Bademcik \u0130ltihab\u0131<\/h3><div class=\"special-heading-border\"><div class=\"special-heading-inner-border\"><\/div><\/div><\/div><br \/>\n\n<style type=\"text\/css\" data-created_by=\"avia_inline_auto\" id=\"style-css-av-1a4tbl-03925d075f89295056f7076efbaf986a\">\n#top .av_textblock_section.av-1a4tbl-03925d075f89295056f7076efbaf986a .avia_textblock{\ncolor:#ffffff;\n}\n<\/style>\n<section  class='av_textblock_section av-1a4tbl-03925d075f89295056f7076efbaf986a'  itemscope=\"itemscope\" itemtype=\"https:\/\/schema.org\/CreativeWork\" ><div class='avia_textblock av_inherit_color'  itemprop=\"text\" ><\/div><\/section><\/p>\n<\/div><\/div>\n<\/div>\n<div id='av_section_1'  class='avia-section av-chxza9-13bb36b8de50b4635e8307af8a3786d9 main_color avia-section-huge avia-no-border-styling  avia-builder-el-5  el_after_av_layout_row  avia-builder-el-last  avia-bg-style-scroll container_wrap sidebar_right'  ><div class='container av-section-cont-open' ><div class='template-page content  av-content-small alpha units'><div class='post-entry post-entry-type-page post-entry-1209'><div class='entry-content-wrapper clearfix'>\n<div class='flex_column_table av-cbfhxd-5069537efd4a01d98e94b770cac001f3 sc-av_one_third av-equal-height-column-flextable'>\n<style type=\"text\/css\" data-created_by=\"avia_inline_auto\" id=\"style-css-av-cbfhxd-5069537efd4a01d98e94b770cac001f3\">\n#top .flex_column_table.av-equal-height-column-flextable.av-cbfhxd-5069537efd4a01d98e94b770cac001f3{\nmargin-top:-200px;\nmargin-bottom:0px;\n}\n.flex_column.av-cbfhxd-5069537efd4a01d98e94b770cac001f3{\nborder-radius:0px 0px 0px 0px;\n-webkit-border-radius:0px 0px 0px 0px;\n-moz-border-radius:0px 0px 0px 0px;\npadding:40px 40px 40px 40px;\n}\n<\/style>\n<div class='flex_column av-cbfhxd-5069537efd4a01d98e94b770cac001f3 av_one_third  avia-builder-el-6  el_before_av_one_third  avia-builder-el-first  first no_margin flex_column_table_cell av-equal-height-column av-align-top '   ><\/div>\n<style type=\"text\/css\" data-created_by=\"avia_inline_auto\" id=\"style-css-av-c8b89d-f7d0a695e06bfb188535d6aa0396b0e0\">\n#top .flex_column_table.av-equal-height-column-flextable.av-c8b89d-f7d0a695e06bfb188535d6aa0396b0e0{\nmargin-top:-200px;\nmargin-bottom:0px;\n}\n.flex_column.av-c8b89d-f7d0a695e06bfb188535d6aa0396b0e0{\nborder-radius:0px 0px 0px 0px;\n-webkit-border-radius:0px 0px 0px 0px;\n-moz-border-radius:0px 0px 0px 0px;\npadding:40px 40px 40px 40px;\nbackground-color:#303030;\n}\n<\/style>\n<div class='flex_column av-c8b89d-f7d0a695e06bfb188535d6aa0396b0e0 av_one_third  avia-builder-el-7  el_after_av_one_third  el_before_av_one_third  no_margin flex_column_table_cell av-equal-height-column av-align-top '   ><p>\n<style type=\"text\/css\" data-created_by=\"avia_inline_auto\" id=\"style-css-av-c1vq5l-2274565a42cc97c9c00d90364d9dc172\">\n.av_font_icon.av-c1vq5l-2274565a42cc97c9c00d90364d9dc172{\ncolor:#ffffff;\nborder-color:#ffffff;\n}\n.av_font_icon.av-c1vq5l-2274565a42cc97c9c00d90364d9dc172 .av-icon-char{\nfont-size:60px;\nline-height:60px;\n}\n<\/style>\n<span  class='av_font_icon av-c1vq5l-2274565a42cc97c9c00d90364d9dc172 avia_animate_when_visible av-icon-style- avia-icon-pos-center avia-icon-animate'><span class='av-icon-char' aria-hidden='true' data-av_icon='' data-av_iconfont='medical' ><\/span><\/span><br \/>\n\n<style type=\"text\/css\" data-created_by=\"avia_inline_auto\" id=\"style-css-av-bvg9ld-767587c0c005dfd658211b8e78d4bddc\">\n#top .hr.hr-invisible.av-bvg9ld-767587c0c005dfd658211b8e78d4bddc{\nheight:20px;\n}\n<\/style>\n<div  class='hr av-bvg9ld-767587c0c005dfd658211b8e78d4bddc hr-invisible  avia-builder-el-9  el_after_av_font_icon  el_before_av_textblock '><span class='hr-inner '><span class=\"hr-inner-style\"><\/span><\/span><\/div><br \/>\n\n<style type=\"text\/css\" data-created_by=\"avia_inline_auto\" id=\"style-css-av-bmb9gh-c94a05315c7f24fea9dd6606c03abbbb\">\n#top .av_textblock_section.av-bmb9gh-c94a05315c7f24fea9dd6606c03abbbb .avia_textblock{\ncolor:#ffffff;\n}\n<\/style>\n<section  class='av_textblock_section av-bmb9gh-c94a05315c7f24fea9dd6606c03abbbb'  itemscope=\"itemscope\" itemtype=\"https:\/\/schema.org\/CreativeWork\" ><div class='avia_textblock av_inherit_color'  itemprop=\"text\" ><\/div><\/section><br \/>\n\n<style type=\"text\/css\" data-created_by=\"avia_inline_auto\" id=\"style-css-av-bha0rl-79b42d53be6b50935fac841c15c56b6e\">\n#top .hr.hr-invisible.av-bha0rl-79b42d53be6b50935fac841c15c56b6e{\nheight:8px;\n}\n<\/style>\n<div  class='hr av-bha0rl-79b42d53be6b50935fac841c15c56b6e hr-invisible  avia-builder-el-11  el_after_av_textblock  avia-builder-el-last '><span class='hr-inner '><span class=\"hr-inner-style\"><\/span><\/span><\/div><\/p><\/div>\n<style type=\"text\/css\" data-created_by=\"avia_inline_auto\" id=\"style-css-av-b7okt5-2c94ce7e18e69f9d379beb7e2b2d3041\">\n#top .flex_column_table.av-equal-height-column-flextable.av-b7okt5-2c94ce7e18e69f9d379beb7e2b2d3041{\nmargin-top:-200px;\nmargin-bottom:0px;\n}\n.flex_column.av-b7okt5-2c94ce7e18e69f9d379beb7e2b2d3041{\nborder-radius:0px 0px 0px 0px;\n-webkit-border-radius:0px 0px 0px 0px;\n-moz-border-radius:0px 0px 0px 0px;\npadding:40px 40px 40px 40px;\n}\n<\/style>\n<div class='flex_column av-b7okt5-2c94ce7e18e69f9d379beb7e2b2d3041 av_one_third  avia-builder-el-12  el_after_av_one_third  el_before_av_one_full  no_margin flex_column_table_cell av-equal-height-column av-align-top '   ><\/div><\/div><!--close column table wrapper. Autoclose: 1 -->\n<style type=\"text\/css\" data-created_by=\"avia_inline_auto\" id=\"style-css-av-aggsfl-e50d94f2d94a0469a74b5ee2589970a2\">\n.flex_column.av-aggsfl-e50d94f2d94a0469a74b5ee2589970a2{\nborder-radius:0px 0px 0px 0px;\n-webkit-border-radius:0px 0px 0px 0px;\n-moz-border-radius:0px 0px 0px 0px;\n}\n<\/style>\n<div class='flex_column av-aggsfl-e50d94f2d94a0469a74b5ee2589970a2 av_one_full  avia-builder-el-13  el_after_av_one_third  avia-builder-el-last  first flex_column_div  av-animated-generic bottom-to-top av-zero-column-padding column-top-margin'   ><p>\n<style type=\"text\/css\" data-created_by=\"avia_inline_auto\" id=\"style-css-av-aaafsx-c80a7120cde292e615f01651bae56859\">\n#top .av-special-heading.av-aaafsx-c80a7120cde292e615f01651bae56859{\npadding-bottom:20px;\nfont-size:34px;\n}\nbody .av-special-heading.av-aaafsx-c80a7120cde292e615f01651bae56859 .av-special-heading-tag .heading-char{\nfont-size:25px;\n}\n#top #wrap_all .av-special-heading.av-aaafsx-c80a7120cde292e615f01651bae56859 .av-special-heading-tag{\nfont-size:34px;\n}\n.av-special-heading.av-aaafsx-c80a7120cde292e615f01651bae56859 .av-subheading{\nfont-size:15px;\n}\n<\/style>\n<div  class='av-special-heading av-aaafsx-c80a7120cde292e615f01651bae56859 av-special-heading-h3 blockquote modern-quote  avia-builder-el-14  el_before_av_textblock  avia-builder-el-first  av-inherit-size'><h3 class='av-special-heading-tag'  itemprop=\"headline\"  >Kronik Bademcik \u0130ltihab\u0131<\/h3><div class=\"special-heading-border\"><div class=\"special-heading-inner-border\"><\/div><\/div><\/div><br \/>\n<section  class='av_textblock_section av-a4l989-1b0585bab80d85802d80dc227be69d31'  itemscope=\"itemscope\" itemtype=\"https:\/\/schema.org\/CreativeWork\" ><div class='avia_textblock'  itemprop=\"text\" ><p>Kronik bademcik iltihab\u0131, bademciklerde lokalize enfeksiyon odaklar\u0131 ile karakterize yayg\u0131n bir bula\u015f\u0131c\u0131 hastal\u0131kt\u0131r.Periyodik olarak anjina \u015feklinde alevlenmeler g\u00f6zlenir.<\/p>\n<p>\u0130\u00e7 ve d\u0131\u015f \u00e7evrenin olumsuz fakt\u00f6rlerinin etkisi alt\u0131nda v\u00fccudun direnci azal\u0131r. Sonu\u00e7 olarak bademcik lakunalar\u0131ndaki mikroplar\u0131n\u0131n vir\u00fclans\u0131 ve patojenitesi artarak bademciklerin ve anjinin kronik iltihaplanmas\u0131na neden olur. Kronik bademcik iltihab\u0131n\u0131n ana semptomu, s\u0131k tonsillit \u00f6yk\u00fcs\u00fcd\u00fcr. Bir alevlenme s\u0131ras\u0131nda kronik bademcik iltihab\u0131n\u0131 te\u015fhis etmek yanl\u0131\u015ft\u0131r. 2-3 haftal\u0131k tonsillitten sonra, bademciklerin kronik iltihaplanma semptomlar\u0131n\u0131n objektif olarak de\u011ferlendirilmesi tavsiye edilir.<\/p>\n<p>Bo\u011faz muayenesi s\u0131ras\u0131nda a\u015fa\u011f\u0131dakiler g\u00f6r\u00fclebilir:<br \/>\n1. Bademciklerin b\u00fcy\u00fckl\u00fc\u011f\u00fc ve dokular\u0131n gev\u015fekli\u011fi<br \/>\n2. Di\u015f etlerinde hiperemi ve \u00f6dem<br \/>\n3. Bademcik bo\u015fluklar\u0131nda t\u0131kan\u0131kl\u0131klar\u0131n varl\u0131\u011f\u0131<br \/>\n4. A\u011f\u0131zdan k\u00f6t\u00fc kokular\u0131n gelmesi<br \/>\nAyr\u0131ca hastalar yorgunluk, solgunluk, ba\u015f a\u011fr\u0131s\u0131, subfebril ate\u015ften \u015fikayet ederler. Kronik tonsillitte de b\u00f6lgesel lenf d\u00fc\u011f\u00fcmlerinde b\u00fcy\u00fcme g\u00f6zlenir. Kronik bademcik iltihab\u0131n\u0131n konservatif tedavisi, bademcikler \u00fczerindeki yerel etkiye ve genel g\u00fc\u00e7lendirme tedavisine dayan\u0131r.<\/p>\n<p>Lokal terapi i\u00e7in \u00e7e\u015fitli y\u00f6ntemler kullan\u0131l\u0131r:<\/p>\n<p>1. Bademciklerin \u00e7e\u015fitli antiseptik sol\u00fcsyonlarla y\u0131kanmas\u0131<br \/>\n2. Ultraviyole \u0131\u015f\u0131nlar\u0131 ile fizyoterapik tedavi<br \/>\nKonservatif tedavi yard\u0131mc\u0131 olmazsa, tonsillektomi \u00f6nerilir. Hastan\u0131n tonsillektomi i\u00e7in haz\u0131rlanmas\u0131 ayakta tedavi ortam\u0131nda ger\u00e7ekle\u015ftirilir. Tonsillektomi hem lokal hem de genel anestezi alt\u0131nda yap\u0131labilir. Ancak kanama tehlikesi ve \u00e7ocuklarda psikoloji travman\u0131n etkisi g\u00f6z \u00f6n\u00fcne al\u0131nd\u0131\u011f\u0131nda operasyonun genel anestezi alt\u0131nda yap\u0131lmas\u0131 tavsiye edilir.<br \/>\nHastalar ameliyat g\u00fcn\u00fcn\u00fcn sonuna kadar<br \/>\nM\u00fc\u015fahede alt\u0131nda tutulmakta ve herhangi bir problem yoksa evlerine taburcu edilmektedir.<\/p>\n<\/div><\/section><\/p><\/div><\/div><\/div><\/div><!-- close content main div --><\/div><\/div><div id='after_section_1'  class='main_color av_default_container_wrap container_wrap sidebar_right'  ><div class='container av-section-cont-open' ><div class='template-page content  av-content-small alpha units'><div class='post-entry post-entry-type-page post-entry-1209'><div class='entry-content-wrapper clearfix'>\n","protected":false},"excerpt":{"rendered":"","protected":false},"author":1,"featured_media":0,"parent":0,"menu_order":0,"comment_status":"closed","ping_status":"closed","template":"","meta":[],"_links":{"self":[{"href":"https:\/\/drparvizaslanov.com\/tr\/wp-json\/wp\/v2\/pages\/1209"}],"collection":[{"href":"https:\/\/drparvizaslanov.com\/tr\/wp-json\/wp\/v2\/pages"}],"about":[{"href":"https:\/\/drparvizaslanov.com\/tr\/wp-json\/wp\/v2\/types\/page"}],"author":[{"embeddable":true,"href":"https:\/\/drparvizaslanov.com\/tr\/wp-json\/wp\/v2\/users\/1"}],"replies":[{"embeddable":true,"href":"https:\/\/drparvizaslanov.com\/tr\/wp-json\/wp\/v2\/comments?post=1209"}],"version-history":[{"count":7,"href":"https:\/\/drparvizaslanov.com\/tr\/wp-json\/wp\/v2\/pages\/1209\/revisions"}],"predecessor-version":[{"id":1734,"href":"https:\/\/drparvizaslanov.com\/tr\/wp-json\/wp\/v2\/pages\/1209\/revisions\/1734"}],"wp:attachment":[{"href":"https:\/\/drparvizaslanov.com\/tr\/wp-json\/wp\/v2\/media?parent=1209"}],"curies":[{"name":"wp","href":"https:\/\/api.w.org\/{rel}","templated":true}]}}