{"id":1670,"date":"2023-02-28T19:37:28","date_gmt":"2023-02-28T16:37:28","guid":{"rendered":"https:\/\/drparvizaslanov.com\/tr\/?page_id=1670"},"modified":"2023-09-19T17:05:33","modified_gmt":"2023-09-19T14:05:33","slug":"burun-estetigi-burun-sagligi","status":"publish","type":"page","link":"https:\/\/drparvizaslanov.com\/tr\/burun-estetigi-burun-sagligi","title":{"rendered":"Burun Esteti\u011fi \/ Burun Sa\u011fl\u0131\u011f\u0131"},"content":{"rendered":"<div id='av-layout-grid-1'  class='av-layout-grid-container av-1c8375-d819e7cdfeced3cc90c10484db209eee entry-content-wrapper main_color av-flex-cells  avia-builder-el-0  el_before_av_section  avia-builder-el-first   container_wrap sidebar_right'  >\n\n<style type=\"text\/css\" data-created_by=\"avia_inline_auto\" id=\"style-css-av-d6rb09-390648f1f51545ce504a9abe28085ac0\">\n.flex_cell.av-d6rb09-390648f1f51545ce504a9abe28085ac0{\nvertical-align:middle;\nheight:500px;\nmin-height:500px;\npadding:80px 80px 80px 80px;\nbackground:url(https:\/\/drparvizaslanov.com\/tr\/wp-content\/uploads\/2023\/02\/burun-estetigi-burun-sagligi-parviz-aslanov-1170x630.jpg) 0% 0% no-repeat scroll #22689e;\n}\n<\/style>\n<div class='flex_cell av_one_half av-d6rb09-390648f1f51545ce504a9abe28085ac0 no_margin  avia-builder-el-1  el_before_av_cell_one_half  avia-builder-el-first  avia-full-stretch' ><div class='flex_cell_inner'><\/div><\/div>\n<style type=\"text\/css\" data-created_by=\"avia_inline_auto\" id=\"style-css-av-cljbx5-eb4dd344a002d6f10677329cb4aa75fd\">\n.flex_cell.av-cljbx5-eb4dd344a002d6f10677329cb4aa75fd{\nvertical-align:middle;\nheight:500px;\nmin-height:500px;\npadding:80px 80px 80px 80px;\nbackground-color:#7c7c7c;\n}\n<\/style>\n<div class='flex_cell av_one_half av-cljbx5-eb4dd344a002d6f10677329cb4aa75fd no_margin  avia-builder-el-2  el_after_av_cell_one_half  avia-builder-el-last ' ><div class='flex_cell_inner'><p>\n<style type=\"text\/css\" data-created_by=\"avia_inline_auto\" id=\"style-css-av-czsx49-050b0004a4b91ac2d3d1bc948ab994d2\">\n#top .av-special-heading.av-czsx49-050b0004a4b91ac2d3d1bc948ab994d2{\npadding-bottom:25px;\ncolor:#ffffff;\nfont-size:34px;\n}\nbody .av-special-heading.av-czsx49-050b0004a4b91ac2d3d1bc948ab994d2 .av-special-heading-tag .heading-char{\nfont-size:25px;\n}\n#top #wrap_all .av-special-heading.av-czsx49-050b0004a4b91ac2d3d1bc948ab994d2 .av-special-heading-tag{\nfont-size:34px;\n}\n.av-special-heading.av-czsx49-050b0004a4b91ac2d3d1bc948ab994d2 .special-heading-inner-border{\nborder-color:#ffffff;\n}\n.av-special-heading.av-czsx49-050b0004a4b91ac2d3d1bc948ab994d2 .av-subheading{\nfont-size:15px;\n}\n<\/style>\n<div  class='av-special-heading av-czsx49-050b0004a4b91ac2d3d1bc948ab994d2 av-special-heading-h3 custom-color-heading blockquote modern-quote  avia-builder-el-3  el_before_av_textblock  avia-builder-el-first  av-inherit-size'><h3 class='av-special-heading-tag'  itemprop=\"headline\"  >Burun Esteti\u011fi \/ Burun Sa\u011fl\u0131\u011f\u0131<\/h3><div class=\"special-heading-border\"><div class=\"special-heading-inner-border\"><\/div><\/div><\/div><br \/>\n\n<style type=\"text\/css\" data-created_by=\"avia_inline_auto\" id=\"style-css-av-1a4tbl-03925d075f89295056f7076efbaf986a\">\n#top .av_textblock_section.av-1a4tbl-03925d075f89295056f7076efbaf986a .avia_textblock{\ncolor:#ffffff;\n}\n<\/style>\n<section  class='av_textblock_section av-1a4tbl-03925d075f89295056f7076efbaf986a'  itemscope=\"itemscope\" itemtype=\"https:\/\/schema.org\/CreativeWork\" ><div class='avia_textblock av_inherit_color'  itemprop=\"text\" ><\/div><\/section><\/p>\n<\/div><\/div>\n<\/div>\n<div id='av_section_1'  class='avia-section av-chxza9-13bb36b8de50b4635e8307af8a3786d9 main_color avia-section-huge avia-no-border-styling  avia-builder-el-5  el_after_av_layout_row  avia-builder-el-last  avia-bg-style-scroll container_wrap sidebar_right'  ><div class='container av-section-cont-open' ><div class='template-page content  av-content-small alpha units'><div class='post-entry post-entry-type-page post-entry-1670'><div class='entry-content-wrapper clearfix'>\n<div class='flex_column_table av-cbfhxd-5069537efd4a01d98e94b770cac001f3 sc-av_one_third av-equal-height-column-flextable'>\n<style type=\"text\/css\" data-created_by=\"avia_inline_auto\" id=\"style-css-av-cbfhxd-5069537efd4a01d98e94b770cac001f3\">\n#top .flex_column_table.av-equal-height-column-flextable.av-cbfhxd-5069537efd4a01d98e94b770cac001f3{\nmargin-top:-200px;\nmargin-bottom:0px;\n}\n.flex_column.av-cbfhxd-5069537efd4a01d98e94b770cac001f3{\nborder-radius:0px 0px 0px 0px;\n-webkit-border-radius:0px 0px 0px 0px;\n-moz-border-radius:0px 0px 0px 0px;\npadding:40px 40px 40px 40px;\n}\n<\/style>\n<div class='flex_column av-cbfhxd-5069537efd4a01d98e94b770cac001f3 av_one_third  avia-builder-el-6  el_before_av_one_third  avia-builder-el-first  first no_margin flex_column_table_cell av-equal-height-column av-align-top '   ><\/div>\n<style type=\"text\/css\" data-created_by=\"avia_inline_auto\" id=\"style-css-av-c8b89d-f7d0a695e06bfb188535d6aa0396b0e0\">\n#top .flex_column_table.av-equal-height-column-flextable.av-c8b89d-f7d0a695e06bfb188535d6aa0396b0e0{\nmargin-top:-200px;\nmargin-bottom:0px;\n}\n.flex_column.av-c8b89d-f7d0a695e06bfb188535d6aa0396b0e0{\nborder-radius:0px 0px 0px 0px;\n-webkit-border-radius:0px 0px 0px 0px;\n-moz-border-radius:0px 0px 0px 0px;\npadding:40px 40px 40px 40px;\nbackground-color:#303030;\n}\n<\/style>\n<div class='flex_column av-c8b89d-f7d0a695e06bfb188535d6aa0396b0e0 av_one_third  avia-builder-el-7  el_after_av_one_third  el_before_av_one_third  no_margin flex_column_table_cell av-equal-height-column av-align-top '   ><p>\n<style type=\"text\/css\" data-created_by=\"avia_inline_auto\" id=\"style-css-av-c1vq5l-2274565a42cc97c9c00d90364d9dc172\">\n.av_font_icon.av-c1vq5l-2274565a42cc97c9c00d90364d9dc172{\ncolor:#ffffff;\nborder-color:#ffffff;\n}\n.av_font_icon.av-c1vq5l-2274565a42cc97c9c00d90364d9dc172 .av-icon-char{\nfont-size:60px;\nline-height:60px;\n}\n<\/style>\n<span  class='av_font_icon av-c1vq5l-2274565a42cc97c9c00d90364d9dc172 avia_animate_when_visible av-icon-style- avia-icon-pos-center avia-icon-animate'><span class='av-icon-char' aria-hidden='true' data-av_icon='' data-av_iconfont='medical' ><\/span><\/span><br \/>\n\n<style type=\"text\/css\" data-created_by=\"avia_inline_auto\" id=\"style-css-av-bvg9ld-767587c0c005dfd658211b8e78d4bddc\">\n#top .hr.hr-invisible.av-bvg9ld-767587c0c005dfd658211b8e78d4bddc{\nheight:20px;\n}\n<\/style>\n<div  class='hr av-bvg9ld-767587c0c005dfd658211b8e78d4bddc hr-invisible  avia-builder-el-9  el_after_av_font_icon  el_before_av_textblock '><span class='hr-inner '><span class=\"hr-inner-style\"><\/span><\/span><\/div><br \/>\n\n<style type=\"text\/css\" data-created_by=\"avia_inline_auto\" id=\"style-css-av-bmb9gh-c94a05315c7f24fea9dd6606c03abbbb\">\n#top .av_textblock_section.av-bmb9gh-c94a05315c7f24fea9dd6606c03abbbb .avia_textblock{\ncolor:#ffffff;\n}\n<\/style>\n<section  class='av_textblock_section av-bmb9gh-c94a05315c7f24fea9dd6606c03abbbb'  itemscope=\"itemscope\" itemtype=\"https:\/\/schema.org\/CreativeWork\" ><div class='avia_textblock av_inherit_color'  itemprop=\"text\" ><\/div><\/section><br \/>\n\n<style type=\"text\/css\" data-created_by=\"avia_inline_auto\" id=\"style-css-av-bha0rl-79b42d53be6b50935fac841c15c56b6e\">\n#top .hr.hr-invisible.av-bha0rl-79b42d53be6b50935fac841c15c56b6e{\nheight:8px;\n}\n<\/style>\n<div  class='hr av-bha0rl-79b42d53be6b50935fac841c15c56b6e hr-invisible  avia-builder-el-11  el_after_av_textblock  avia-builder-el-last '><span class='hr-inner '><span class=\"hr-inner-style\"><\/span><\/span><\/div><\/p><\/div>\n<style type=\"text\/css\" data-created_by=\"avia_inline_auto\" id=\"style-css-av-b7okt5-2c94ce7e18e69f9d379beb7e2b2d3041\">\n#top .flex_column_table.av-equal-height-column-flextable.av-b7okt5-2c94ce7e18e69f9d379beb7e2b2d3041{\nmargin-top:-200px;\nmargin-bottom:0px;\n}\n.flex_column.av-b7okt5-2c94ce7e18e69f9d379beb7e2b2d3041{\nborder-radius:0px 0px 0px 0px;\n-webkit-border-radius:0px 0px 0px 0px;\n-moz-border-radius:0px 0px 0px 0px;\npadding:40px 40px 40px 40px;\n}\n<\/style>\n<div class='flex_column av-b7okt5-2c94ce7e18e69f9d379beb7e2b2d3041 av_one_third  avia-builder-el-12  el_after_av_one_third  el_before_av_one_full  no_margin flex_column_table_cell av-equal-height-column av-align-top '   ><\/div><\/div><!--close column table wrapper. Autoclose: 1 -->\n<style type=\"text\/css\" data-created_by=\"avia_inline_auto\" id=\"style-css-av-aggsfl-e50d94f2d94a0469a74b5ee2589970a2\">\n.flex_column.av-aggsfl-e50d94f2d94a0469a74b5ee2589970a2{\nborder-radius:0px 0px 0px 0px;\n-webkit-border-radius:0px 0px 0px 0px;\n-moz-border-radius:0px 0px 0px 0px;\n}\n<\/style>\n<div class='flex_column av-aggsfl-e50d94f2d94a0469a74b5ee2589970a2 av_one_full  avia-builder-el-13  el_after_av_one_third  avia-builder-el-last  first flex_column_div  av-animated-generic bottom-to-top av-zero-column-padding column-top-margin'   ><p>\n<style type=\"text\/css\" data-created_by=\"avia_inline_auto\" id=\"style-css-av-aaafsx-37bcbd14ae27af0d9821e79f9635ad97\">\n#top .av-special-heading.av-aaafsx-37bcbd14ae27af0d9821e79f9635ad97{\npadding-bottom:20px;\nfont-size:34px;\n}\nbody .av-special-heading.av-aaafsx-37bcbd14ae27af0d9821e79f9635ad97 .av-special-heading-tag .heading-char{\nfont-size:25px;\n}\n#top #wrap_all .av-special-heading.av-aaafsx-37bcbd14ae27af0d9821e79f9635ad97 .av-special-heading-tag{\nfont-size:34px;\n}\n.av-special-heading.av-aaafsx-37bcbd14ae27af0d9821e79f9635ad97 .av-subheading{\nfont-size:15px;\n}\n<\/style>\n<div  class='av-special-heading av-aaafsx-37bcbd14ae27af0d9821e79f9635ad97 av-special-heading-h3 blockquote modern-quote  avia-builder-el-14  el_before_av_textblock  avia-builder-el-first  av-inherit-size'><h3 class='av-special-heading-tag'  itemprop=\"headline\"  >Burun Esteti\u011fi \/ Burun Sa\u011fl\u0131\u011f\u0131<\/h3><div class=\"special-heading-border\"><div class=\"special-heading-inner-border\"><\/div><\/div><\/div><br \/>\n<section  class='av_textblock_section av-a4l989-1b0585bab80d85802d80dc227be69d31'  itemscope=\"itemscope\" itemtype=\"https:\/\/schema.org\/CreativeWork\" ><div class='avia_textblock'  itemprop=\"text\" ><p>MD. PhD. Parviz Aslanov burun esteti\u011fi konusunda yenilik\u00e7i uygulamalar kullanarak, a\u00e7\u0131k rinoplasti ba\u015fta olmak \u00fczere, kapal\u0131 rinoplasti ve revizyon burun esteti\u011fi alanlar\u0131ndaki \u00e7al\u0131\u015fmalar\u0131n\u0131 s\u00fcrd\u00fcrmektedir. Yakla\u015f\u0131k 15 y\u0131ld\u0131r burun esteti\u011fi konusundaki \u00e7al\u0131\u015fmalar\u0131n\u0131 s\u00fcrd\u00fcren Dr. Parviz Aslanov, hastalar\u0131n\u0131n g\u00fczellik konusundaki isteklerini; burun sa\u011fl\u0131\u011f\u0131 ve fonksiyonel yap\u0131n\u0131n korunmas\u0131n\u0131 g\u00f6z ard\u0131 etmeden yapmaya b\u00fcy\u00fck \u00f6zen g\u00f6sterir.<\/p>\n<p>Burun; nefes al\u0131p vermemizi sa\u011flayan solunum sisteminin sa\u011fl\u0131kl\u0131 \u00e7al\u0131\u015fmas\u0131na arac\u0131l\u0131k eden, solunan havay\u0131 temizleyerek, akci\u011ferler ve bron\u015flar\u0131n do\u011fru \u00e7al\u0131\u015fmas\u0131 i\u00e7in uygun nem ve \u0131s\u0131 seviyesinde kalmalar\u0131n\u0131 sa\u011flamas\u0131n\u0131n yan\u0131 s\u0131ra koku alma i\u015flevini ger\u00e7ekle\u015ftirmek gibi g\u00f6revlere sahip bir organd\u0131r.<\/p>\n<p>Burun i\u00e7in uygulanacak cerrahi m\u00fcdahalelerin temelinde; sa\u011fl\u0131k problemleri ve de g\u00fczellik yani estetik kayg\u0131lar olmak \u00fczere iki ana sebep bulunmaktad\u0131r. Her iki sebebi kar\u015f\u0131layan \u00e7\u00f6z\u00fcm i\u00e7in de hastan\u0131n en iyi hekimi bulmas\u0131 ve de ya\u015fad\u0131\u011f\u0131 problemleri \u00e7ok iyi ifade etmesi \u00f6nemlidir. Burun, y\u00fcz\u00fcn orta yani merkez noktas\u0131nda yer almas\u0131yla y\u00fcze ifade kazand\u0131ran en dikkat \u00e7ekici organlardan biridir. Estetik kayg\u0131larla burun esteti\u011fi talep eden hastalar\u0131n isteklerinin ba\u015f\u0131nda; bu operasyonun y\u00fcz ifadelerine karakteristik anlamda y\u00f6n vermesi gelmektedir. Burun esteti\u011fi alan\u0131nda 15 y\u0131ll\u0131k tecr\u00fcbeye sahip olan MD.PhD. Parviz Aslanov\u2019u sadece estetik kayg\u0131larla ziyaret etmi\u015f olsan\u0131z bile burnun fonksiyonel problemlerine \u00f6zenle yakla\u015f\u0131l\u0131yor, hatta s\u00f6z konusu revizyon operasyonlar\u0131nda paranazal sin\u00fcs tomografisi gibi tetkikler istenmekte olup, revizyon de\u011filse; isteklerinize uygun tetkikler talep edilerek burun i\u00e7erisinde mevcut olan fakat haberinizin olmad\u0131\u011f\u0131 sa\u011fl\u0131k sorunlar\u0131n\u0131z da ortadan kald\u0131r\u0131l\u0131r.<\/p>\n<p>Burun sa\u011fl\u0131\u011f\u0131 anlam\u0131nda en s\u0131k kar\u015f\u0131la\u015f\u0131lan sorunlar\u0131n\u0131n ba\u015f\u0131nda sin\u00fczit gelmektedir. Y\u00fcz\u00fcm\u00fcz i\u00e7erisinde burun bo\u015flu\u011funu \u00e7evreleyen alanda yerle\u015fik halde bulunan kemiklerde sin\u00fcs ad\u0131 verilen hava bo\u015fluklar\u0131 bulunmaktad\u0131r. Burun sa\u011fl\u0131\u011f\u0131 a\u00e7\u0131s\u0131ndan \u00f6nemli i\u015flevleri bulunan sin\u00fcslerin; rutin salg\u0131 d\u00fczeniyle burun i\u00e7ini nemlendirmek, ayn\u0131 zamanda solunum havas\u0131n\u0131 temizlemek, kafan\u0131n v\u00fccutta olu\u015fturdu\u011fu a\u011f\u0131rl\u0131\u011f\u0131 azaltmak ve d\u0131\u015far\u0131dan gelecek fiziksel darbelere kar\u015f\u0131 koruyucu bir duvar olu\u015fturmak gibi \u00e7e\u015fitli g\u00f6revleri vard\u0131r.<br \/>\nSin\u00fcsler; her iki yanakta yer alan maksiller sin\u00fcs, al\u0131nda yer alan frontal sin\u00fcs, g\u00f6zler aras\u0131nda \u00f6n ve arkada yer alan etmoid sin\u00fcs ve burun i\u00e7inde en derinde bulunan sfenoid sin\u00fcs olarak isimlendirilmekle birlikte, sa\u011f ve sol tarafta d\u00f6rder adet olmak \u00fczere toplamda 8 sin\u00fcs bulunmaktad\u0131r. Sin\u00fczit ise burun bo\u015flu\u011funu \u00e7evreleyen i\u00e7 katmandaki dokuda enfeksiyon olu\u015fmas\u0131d\u0131r. Belirtileri halsizlik, ate\u015f y\u00fckselmesi, burundan iltihapl\u0131 sekresyonun gelmesi ve \u00e7o\u011fu zaman \u015fiddetli olarak kendini g\u00f6steren ba\u015f a\u011fr\u0131s\u0131d\u0131r.<\/p>\n<p>Kronikle\u015fmi\u015f bir hal alan sin\u00fczitlerde ila\u00e7 tedavisi uygulanmakla birlikte, son y\u0131llarda olduk\u00e7a geli\u015fen cerrahi tedavi y\u00f6ntemleri de kullan\u0131lmaktad\u0131r. Elbette bu y\u00f6ntemi tercih edecek hastalar\u0131n \u00f6ncelikli ve mutlak olarak bu alanda uzman bir kulak burun bo\u011faz hekimini ziyaret ederek bilgi almalar\u0131 tavsiye edilmektedir.<\/p>\n<\/div><\/section><\/p><\/div><\/div><\/div><\/div><!-- close content main div --><\/div><\/div><div id='after_section_1'  class='main_color av_default_container_wrap container_wrap sidebar_right'  ><div class='container av-section-cont-open' ><div class='template-page content  av-content-small alpha units'><div class='post-entry post-entry-type-page post-entry-1670'><div class='entry-content-wrapper clearfix'>\n","protected":false},"excerpt":{"rendered":"","protected":false},"author":1,"featured_media":0,"parent":0,"menu_order":0,"comment_status":"closed","ping_status":"closed","template":"","meta":[],"_links":{"self":[{"href":"https:\/\/drparvizaslanov.com\/tr\/wp-json\/wp\/v2\/pages\/1670"}],"collection":[{"href":"https:\/\/drparvizaslanov.com\/tr\/wp-json\/wp\/v2\/pages"}],"about":[{"href":"https:\/\/drparvizaslanov.com\/tr\/wp-json\/wp\/v2\/types\/page"}],"author":[{"embeddable":true,"href":"https:\/\/drparvizaslanov.com\/tr\/wp-json\/wp\/v2\/users\/1"}],"replies":[{"embeddable":true,"href":"https:\/\/drparvizaslanov.com\/tr\/wp-json\/wp\/v2\/comments?post=1670"}],"version-history":[{"count":4,"href":"https:\/\/drparvizaslanov.com\/tr\/wp-json\/wp\/v2\/pages\/1670\/revisions"}],"predecessor-version":[{"id":1751,"href":"https:\/\/drparvizaslanov.com\/tr\/wp-json\/wp\/v2\/pages\/1670\/revisions\/1751"}],"wp:attachment":[{"href":"https:\/\/drparvizaslanov.com\/tr\/wp-json\/wp\/v2\/media?parent=1670"}],"curies":[{"name":"wp","href":"https:\/\/api.w.org\/{rel}","templated":true}]}}