{"id":950,"date":"2021-07-15T14:19:20","date_gmt":"2021-07-15T11:19:20","guid":{"rendered":"http:\/\/test.kriesi.at\/enfold-medical\/?page_id=950"},"modified":"2023-09-19T17:12:49","modified_gmt":"2023-09-19T14:12:49","slug":"hakkimizda","status":"publish","type":"page","link":"https:\/\/drparvizaslanov.com\/tr\/hakkimizda","title":{"rendered":"Hakk\u0131m\u0131zda"},"content":{"rendered":"<div id='av-layout-grid-1'  class='av-layout-grid-container av-li73q-e5b3c464a1e6d20370408c128e2e85b7 entry-content-wrapper main_color av-flex-cells  avia-builder-el-0  el_before_av_section  avia-builder-el-first   container_wrap sidebar_right'  >\n\n<style type=\"text\/css\" data-created_by=\"avia_inline_auto\" id=\"style-css-av-5wbimm-f5441c710c8e0e49aacb5c4a71d20d7d\">\n.flex_cell.av-5wbimm-f5441c710c8e0e49aacb5c4a71d20d7d{\nvertical-align:middle;\nheight:200px;\nmin-height:200px;\npadding:80px 80px 80px 80px;\nbackground-color:#7c7c7c;\n}\n<\/style>\n<div class='flex_cell av_one_full av-5wbimm-f5441c710c8e0e49aacb5c4a71d20d7d no_margin  avia-builder-el-1  avia-builder-el-no-sibling  avia-full-stretch' ><div class='flex_cell_inner'>\n<style type=\"text\/css\" data-created_by=\"avia_inline_auto\" id=\"style-css-av-5n1hxq-03d33dcc9bc6f660de4a7722914c31c0\">\n#top .av-special-heading.av-5n1hxq-03d33dcc9bc6f660de4a7722914c31c0{\npadding-bottom:25px;\ncolor:#ffffff;\nfont-size:34px;\n}\nbody .av-special-heading.av-5n1hxq-03d33dcc9bc6f660de4a7722914c31c0 .av-special-heading-tag .heading-char{\nfont-size:25px;\n}\n#top #wrap_all .av-special-heading.av-5n1hxq-03d33dcc9bc6f660de4a7722914c31c0 .av-special-heading-tag{\nfont-size:34px;\n}\n.av-special-heading.av-5n1hxq-03d33dcc9bc6f660de4a7722914c31c0 .special-heading-inner-border{\nborder-color:#ffffff;\n}\n.av-special-heading.av-5n1hxq-03d33dcc9bc6f660de4a7722914c31c0 .av-subheading{\nfont-size:15px;\n}\n<\/style>\n<div  class='av-special-heading av-5n1hxq-03d33dcc9bc6f660de4a7722914c31c0 av-special-heading-h3 custom-color-heading blockquote modern-quote  avia-builder-el-2  avia-builder-el-no-sibling  av-inherit-size'><h3 class='av-special-heading-tag'  itemprop=\"headline\"  >MD. PhD.PARV\u0130Z ASLANOV<\/h3><div class=\"special-heading-border\"><div class=\"special-heading-inner-border\"><\/div><\/div><\/div>\n<\/div><\/div>\n<\/div>\n<div id='av_section_1'  class='avia-section av-3rjirq-8e7743ef5deaacd50cb9a2b8659a06cc main_color avia-section-huge avia-no-border-styling  avia-builder-el-3  el_after_av_layout_row  avia-builder-el-last  avia-bg-style-scroll container_wrap sidebar_right'  ><div class='container av-section-cont-open' ><div class='template-page content  av-content-small alpha units'><div class='post-entry post-entry-type-page post-entry-950'><div class='entry-content-wrapper clearfix'>\n\n<style type=\"text\/css\" data-created_by=\"avia_inline_auto\" id=\"style-css-av-3l4xue-c4d9e62ff21eab10314c6f3d98be9cb0\">\n.flex_column.av-3l4xue-c4d9e62ff21eab10314c6f3d98be9cb0{\nborder-radius:0px 0px 0px 0px;\n-webkit-border-radius:0px 0px 0px 0px;\n-moz-border-radius:0px 0px 0px 0px;\n}\n<\/style>\n<div class='flex_column av-3l4xue-c4d9e62ff21eab10314c6f3d98be9cb0 av_one_full  avia-builder-el-4  avia-builder-el-no-sibling  first flex_column_div  av-animated-generic bottom-to-top av-zero-column-padding '   ><section  class='av_textblock_section av-39prdi-851a2fe3515d210702fef7822608719f'  itemscope=\"itemscope\" itemtype=\"https:\/\/schema.org\/CreativeWork\" ><div class='avia_textblock'  itemprop=\"text\" ><p><strong><img loading=\"lazy\" class=\"wp-image-1540 size-portfolio alignleft\" src=\"https:\/\/drparvizaslanov.com\/tr\/wp-content\/uploads\/2021\/09\/about-image-495x400.jpg\" alt=\"\" width=\"495\" height=\"400\" \/><\/strong><\/p>\n<p>MD. PhD.PARV\u0130Z ASLANOV<\/p>\n<p>1981 y\u0131l\u0131nda Azerbaycan Cumhuriyeti, Kelbecer \u015fehrinde d\u00fcnyaya gelmi\u015ftir. 1999-2005\u2019li y\u0131llarda Azerbaycan T\u0131p \u00dcniversitesinde e\u011fitim alm\u0131\u015ft\u0131r.<br \/>\n\u00dcniversiteyi bitirdikten sonra 2006-2014 y\u0131llar\u0131nda Cumhuriyyet Klinik Hastanesinde Otorinolarengolojist olarak \u00e7al\u0131\u015ft\u0131.Daha sonra Lor Hospital\u2019da Ba\u015fhekim, m\u00fcd\u00fcr olmu\u015ftur.\u015eu anda Bak\u00fc Sa\u011fl\u0131k Merkezi ve West Hospital\u2019da otorinolarengolojist ve estetik burun cerrah\u0131 pozisyonunda \u00e7al\u0131\u015f\u0131yor. Aziz Aliyev ad\u0131na Doktorlar\u0131 Geli\u015ftirme Enstit\u00fcs\u00fcn\u00fcn doktora \u00f6\u011frencisi olmu\u015f ,bilimsel ara\u015ft\u0131rma \u00e7al\u0131\u015fmalar\u0131 yapm\u0131\u015ft\u0131r.<\/p>\n<p>2022 y\u0131l\u0131nda Azerbaycan Cumhuriyyetinin Cumhurba\u015fkan\u0131 yan\u0131nda Y\u00fcksek Tasdik Komisyonunun karar\u0131 ile Otorinolarengoloji b\u00f6l\u00fcm\u00fcnde T\u0131p Biliminde Felsefe Doktoru akademik derecesi alm\u0131\u015ft\u0131r.<br \/>\nAziz Aliyev ad\u0131na \u201cH\u0259kiml\u0259ri T\u0259kmill\u0259\u015fdirm\u0259\u201d Enstit\u00fcs\u00fcnde doktora \u00f6\u011frencisi olmu\u015f ve bilimsel ara\u015ft\u0131rmalar yapm\u0131\u015ft\u0131r.<\/p>\n<p>2022 y\u0131l\u0131nda Azerbaycan Cumhuriyeti Cumhurba\u015fkan\u0131na ba\u011fl\u0131 Y\u00fcksek Tasdik Komisyonu karar\u0131 ile Kulak Burun Bo\u011faz uzmanl\u0131\u011f\u0131nda Doktora bilimsel derecesini ald\u0131.<\/p>\n<p>15 sene sadece burun sa\u011fl\u0131k ve estetik ile u\u011fra\u015fan MD. PhD. Parviz Aslanov d\u00fcnyan\u0131n her yerinden, ayn\u0131 \u015fekilde Azerbaycan&#8217;\u0131n her b\u00f6lgesinden gelen hastalar\u0131n\u0131 yeni burunlar\u0131na y\u00fcksek kaliteyle kavu\u015fturmu\u015f, burun esteti\u011fi \u00fczerine bir\u00e7ok ilklere (yeniliklere) imza atm\u0131\u015ft\u0131r. Hem Azerbaycanda hem de yabanc\u0131 \u00fclkelerde \u00e7ok y\u00fcksek hasta memnuniyeti ile tan\u0131n\u0131yor.<br \/>\n\u00d6zellikle son 5 y\u0131lda yurti\u00e7inde ve d\u00fcnyan\u0131n bir\u00e7ok \u00fclkesinde (Amerika,Brezilya,Almanya,\u0130talya,T\u00fcrkiye vb.) 40\u2019dan fazla akademik toplant\u0131larda konu\u015fmac\u0131 ve kat\u0131l\u0131mc\u0131 olmu\u015fdur. Bu konferanslarda \u00e7o\u011funlukla \u00f6nc\u00fcl teknolojiler, en son teknolojiler, rinoplasti (burun esteti\u011fi) ve revizyon, burun esteti\u011finde yeni teknolojiler ve piezo teknolojisi ile ilgili konu\u015fmalar\u0131nda gen\u00e7 cerrahlarla rinoplastiye do\u011fru yakla\u015fman\u0131n temellerini, deneyimli cerrahlarla ise daha modern teknikleri tart\u0131\u015fm\u0131\u015ft\u0131r.<\/p>\n<p>Son y\u0131llarda d\u00fcnya \u00e7ap\u0131nda rinoplastide en sorunlu konular olan:<\/p>\n<p>\u25cf Burun ucunun d\u00fczeltilmesinde greft kullan\u0131m\u0131<br \/>\n\u25cf Kal\u0131n derili ve ince derili olan hastalarda uzun vadeli iyi sonu\u00e7lar elde etmek<br \/>\n\u25cf Revizyon rinoplastide daha az yara izi ve daha az a\u011fr\u0131 ile endoskopik kostal ve k\u0131k\u0131rdak \u00e7\u0131kar\u0131lmas\u0131<br \/>\n\u25cf Rinoplastide modern teknoloji cihazlar\u0131n\u0131n uygulanmas\u0131 (Piezo ve Tur) konular\u0131 ile ilgili bilimsel ara\u015ft\u0131rmalar\u0131na devam ediyor ve makaleleri d\u00fcnyan\u0131n en iyi bilimsel dergilerinde yay\u0131nlan\u0131yor.<br \/>\n\u25cf Piezo(Ultrasonik) rinoplasti teknolojisini d\u00fcnyan\u0131n d\u00f6rd\u00fcnc\u00fc \u00fclkesi olarak Azerbaycan\u2019da ilk uygulayan doktordur.<\/p>\n<p>Perviz Aslanov ve Ekibinin Kliniki Hizmet Felsefesi:<\/p>\n<p>Hastalar\u0131m\u0131z\u0131n arzu ve dileklerini tam anlayarak onlara g\u00fcler y\u00fczl\u00fc ve deneyimli bir ekiple hem ameliyat \u00f6ncesi bilgilendirme ve planlamada, hem de ameliyat sonras\u0131 kontrollerde en iyi hizmeti vermek.<br \/>\nBurun esteti\u011fi ve sa\u011fl\u0131\u011f\u0131 konusunda uzun y\u0131llar birlikte \u00e7al\u0131\u015fan bir ekibimizin olmas\u0131 bize ula\u015fan hastalar\u0131n b\u00fct\u00fcn sorunlar\u0131n\u0131n \u00e7\u00f6z\u00fclmesini sa\u011fl\u0131yor.Bug\u00fcne kadar Perviz Aslanov\u2019u se\u00e7en 5000-den fazla hastam\u0131z\u0131n ekibimize \u00f6\u011fretti\u011fi en \u00f6nemli \u015fey onlara \u00f6zel yakla\u015fman\u0131n \u00f6nemlidir.<\/p>\n<p>Cerrah olarak felsefem,\u00e7al\u0131\u015fma prensibim her hasta i\u00e7in olabildi\u011fince en iyi sonucu almak,bunun i\u00e7in ameliyatlara s\u00fcre s\u0131n\u0131r\u0131 koymamakt\u0131r. En iyi sonucu alabilmek i\u00e7in hastalarla birlikte yeni bir burun haz\u0131rl\u0131yorum. Bu bana ameliyat\u0131 en ince ayr\u0131nt\u0131ya kadar planlamama yard\u0131mc\u0131 oluyor.<\/p>\n<p>Ekibimiz bir aile gibidir . Hastalar\u0131m\u0131z i\u00e7in en iyisini isteyen, onlar\u0131 yaln\u0131zca fiziksel olarak de\u011fil, ayn\u0131 zamanda psikoloji olarakta ameliyata haz\u0131rlayan bir ekibiz. Uzun y\u0131llar birlikte oldu\u011fumuz i\u00e7in hemen hemen konu\u015fmadan sadece g\u00f6zlerimizle ileti\u015fim kurabiliyoruz. B\u00f6ylece, uzun zaman birlikte ve yaln\u0131z burun esteti\u011finde uzmanla\u015fm\u0131\u015f bir ekibe sahip oldu\u011fumuz her durumda hasta memnuniyetine dikkat etmeye ve her zaman ilk \u00f6ncelik olarak hastalar\u0131m\u0131z\u0131 d\u00fc\u015f\u00fcnmeye izin veriyor. Bizim hastalar\u0131m\u0131z ben ve Rino Baku ekibi i\u00e7in \u00e7ok de\u011ferli.<\/p>\n<p>\u00d6zel olarak uygulad\u0131\u011f\u0131m ameliyatlar :<br \/>\n\u25cf ULTRASON\u0130K (P\u0130EZO) R\u0130NOPLAST\u0130<br \/>\n\u25cf A\u00c7IK R\u0130NOPLAST\u0130<br \/>\n\u25cf KAPALI R\u0130NOPLAST\u0130<br \/>\n\u25cf ELAST\u0130K R\u0130NOPLAST\u0130<br \/>\n\u25cf DEL\u0130VERY R\u0130NOPLAST\u0130<br \/>\n\u25cf KARMA R\u0130NOPLAST\u0130<br \/>\n\u25cf POL\u0130GON R\u0130NOPLAST\u0130<br \/>\n\u25cf LETDOWN R\u0130NOPLAST\u0130<br \/>\n\u25cf PUSH DOWN R\u0130NOPLAST\u0130<br \/>\n\u25cf D\u0130AMOND R\u0130NOPLAST\u0130<br \/>\n\u25cf PRESERVAT\u0130ON R\u0130NOPLAST\u0130<br \/>\n\u25cf PRECISION R\u0130NOPLAST\u0130<\/p>\n<p>\u00dcyesi oldu\u011fum yerel ve uluslararas\u0131 topluluklar:<\/p>\n<p>Azerbaycan Otorinolaringoloji toplulu\u011fu<br \/>\nT\u00fcrkiye Y\u00fcz Fasiyal Plastik Cerrahi Derne\u011fi<br \/>\nT\u00fcrk Kulak Burun Bo\u011faz ve Ba\u015f Boyun Cerrahi derne\u011fi<br \/>\nAvrupa Y\u00fcz Plastik Cerrahi Derne\u011fi<br \/>\nD\u00fcnya Y\u00fcz Plastik Cerrahi derne\u011fi<\/p>\n<p>Kat\u0131ld\u0131\u011f\u0131 konferanslar ve kurslar:<\/p>\n<p>2008, 2009, 2010 y\u0131llar\u0131nda \u201cT\u00fcrkiye Cumhuriyeti ile Azerbaycan Cumhuriyeti Aras\u0131nda T\u0131p ve Sa\u011fl\u0131k Alan\u0131nda \u0130\u015fbirli\u011fi Protokol\u00fc\u201d \u00e7er\u00e7evesinde Sa\u011fl\u0131k Bakanl\u0131\u011f\u0131&#8217;na ba\u011fl\u0131 Y\u0131ld\u0131r\u0131m Beyaz\u0131t E\u011fitim ve Ara\u015ft\u0131rma Hastanesi&#8217;nin Kulak-Burun-Bo\u011faz (KBB) \u015eubesinde \u00e7al\u0131\u015ft\u0131.<\/p>\n<p>2009 y\u0131l\u0131nda Konya Sel\u00e7uk \u00dcniversitesi T\u0131p Fak\u00fcltesi&#8217;nden mezun oldu.<\/p>\n<p>14-17 May\u0131s 2015 Tarihlerinde Amerika Chicago&#8217;da Ger\u00e7ekle\u015ftirilen &#8220;Advances in Rhinoplasty Meeting&#8221;<\/p>\n<p>11-14 May\u0131s 2016 tarihlerinde Rio de Janeiro Brezilya&#8217;da d\u00fczenlenen &#8220;8th World Congress of Facial Plastic Surgery&#8221;<\/p>\n<p>26-27 Nisan 2015 tarihleri aras\u0131nda Almanya&#8217;da d\u00fczenlenen &#8220;3. Uygulamal\u0131 Rinoplasti ve Geriatrik Cerrahi Kadavra Kursu&#8221;<\/p>\n<p>30 Eyl\u00fcl-1 Ekim 2011 tarihlerinde Azerbaycan&#8217;da d\u00fczenlenen &#8220;1. T\u00fcrk Dili Konu\u015fan \u00dclkeler ve T\u00fcrk Topluluklar\u0131 Kongresi&#8221;<\/p>\n<p>26-30 Ekim 2011 tarihleri aras\u0131nda T\u00fcrkiye&#8217;de ger\u00e7ekle\u015ftirilen &#8220;33. T\u00fcrk Ulusal Kulak Burun Bo\u011faz ve Ba\u015f Boyun Cerrahisi Kongresi&#8221;<\/p>\n<p>24-27 May\u0131s 2012 tarihlerinde T\u00fcrkiye&#8217;de d\u00fczenlenen &#8220;8. T\u00fcrk Rinoloji Kongresi&#8221;<\/p>\n<p>10-14 Ekim 2012 tarihlerinde T\u00fcrkiye&#8217;de d\u00fczenlenen &#8220;34. T\u00fcrk Ulusal Kulak Burun Bo\u011faz ve Ba\u015f Boyun Cerrahisi Kongresi&#8221;<\/p>\n<p>8-12 Kas\u0131m 2013 tarihlerinde T\u00fcrkiye&#8217;de d\u00fczenlenen &#8220;10th International Rhino Camp Meeting&#8221; kongresi<\/p>\n<p>02-06 Kas\u0131m 2013 tarihleri aras\u0131nda T\u00fcrkiye&#8217;de ger\u00e7ekle\u015ftirilen &#8220;35. T\u00fcrk Ulusal Kulak Burun Bo\u011faz ve Ba\u015f Boyun Cerrahisi Kongresi&#8221;<br \/>\n05-09 Kas\u0131m 2014 tarihleri aras\u0131nda T\u00fcrkiye&#8217;de ger\u00e7ekle\u015ftirilen &#8220;36. T\u00fcrk Ulusal Kulak Burun Bo\u011faz Kongresi&#8221;<\/p>\n<p>22-25 May\u0131s 2014 tarihlerinde T\u00fcrkiye&#8217;de ger\u00e7ekle\u015ftirilen &#8220;10. T\u00fcrk Rinoloji Kongresi&#8221;<\/p>\n<p>16-19 Nisan 2015 tarihleri aras\u0131nda T\u00fcrkiye&#8217;de ger\u00e7ekle\u015ftirilen &#8220;11. T\u00fcrk Rinoloji Kongresi&#8221;<\/p>\n<p>15-17 Ocak 2016 tarihleri aras\u0131nda d\u00fczenlenen &#8220;Y\u00fcz Plastik Cerrahi Derne\u011fi 10. Ulusal Toplant\u0131s\u0131&#8221;<\/p>\n<p>19 Ekim 2011 tarihinde T\u00fcrkiye&#8217;de d\u00fczenlenen &#8220;Tiroid ve Paratiroid Hastal\u0131klar\u0131na G\u00fcncel Yakla\u015f\u0131m&#8221; toplant\u0131s\u0131<\/p>\n<p>18-19 Mart 2017 tarihlerinde T\u00fcrkiye&#8217;de d\u00fczenlenen &#8220;Rinoplasti Derne\u011fi Avrupa Kadavra Kursu, \u0130stanbul&#8221;<\/p>\n<p>2-4 Haziran 2017 tarihlerinde T\u00fcrkiye&#8217;de d\u00fczenlenen &#8220;Rinoplasti \u00c7al\u0131\u015ftay\u0131&#8221;<\/p>\n<p>24-25 Kas\u0131m 2017 tarihlerinde T\u00fcrkiye&#8217;de d\u00fczenlenen &#8220;Karma Rinoplasti&#8221;<\/p>\n<p>28 Kas\u0131m 2017 tarihinde Azerbaycan Gence&#8217;de d\u00fczenlenen &#8220;Rinoplasti Okulu&#8221;<\/p>\n<p>12-14 Ekim 2018 tarihlerinde Belgrad-S\u0131rbistan&#8217;da d\u00fczenlenen &#8220;Rinoplasti Video Sempozyumu&#8221;<\/p>\n<p>14-16 Haziran 2019 tarihlerinde T\u00fcrkiye&#8217;de d\u00fczenlenen &#8220;Rinoplasti \u00c7al\u0131\u015ftay\u0131&#8221;<\/p>\n<p>5-7 Aral\u0131k 2019 Tarihlerinde T\u00fcrkiye&#8217;de ger\u00e7ekle\u015ftirilen &#8220;Y\u00fcz Plastik Cerrahi Derne\u011fi 13. Ulusal Toplant\u0131s\u0131&#8221;<\/p>\n<p>18-19 Ocak 2020 Tarihlerinde T\u00fcrkiye&#8217;de Ger\u00e7ekle\u015ftirilen<br \/>\n&#8220;Hepsi Bir Arada Rinoplasti, Canl\u0131 Cerrahi Sempozyumu&#8221;<\/p>\n<p>12-13 aral\u0131k 2020 tarihlerinde T\u00fcrkiye&#8217;de ger\u00e7ekle\u015ftirilen<br \/>\n&#8220;14. Ulusal ve 1. Sanal Y\u00fcz Plastik Cerrahi Kongresi&#8221;<\/p>\n<p>11-13 Haziran 2021 tarihlerinde T\u00fcrkiye&#8217;de d\u00fczenlenen &#8220;Yap\u0131-koruyucu Rinoplasti Konferans\u0131 \u0130stanbul&#8221;<\/p>\n<p>&#8220;Y\u00fcz Plastik Cerrahi Derne\u011fi 15. Ulusal Kongresi&#8221; 26-28 Kas\u0131m 2021 Tarihlerinde Ankara&#8217;da Ger\u00e7ekle\u015ftirildi<\/p>\n<p>2-3 Haziran 2023 tarihlerinde Bak\u00fc&#8217;de d\u00fczenlenen &#8220;1. Uluslararas\u0131 Azerbaycan Rinologlar Kongresi&#8221;<\/p>\n<p>23-24 Haziran 2023 tarihlerinde B\u00fcy\u00fck \u00d6nder Haydar Aliyev&#8217;in do\u011fumunun 100. y\u0131l\u0131na ithafen &#8220;2. Kulak Burun Bo\u011faz Sempozyumu&#8221; Lor hastanesinin 10. y\u0131l\u0131nda d\u00fczenlendi.<\/p>\n<p>&#8220;3. Ortak Uluslararas\u0131 Rinoplasti Dernekleri Toplant\u0131s\u0131&#8221; 29 Haziran &#8211; 2 Temmuz 2023 tarihlerinde Almanya &#8211; Berlin&#8217;de d\u00fczenlendi.<\/p>\n<p>MD. PhD.PARV\u0130Z ASLANOV<\/p>\n<p>18 Nisan 1981&#8217;de Kelbecer ilinde do\u011fdu.<\/p>\n<p>1998 y\u0131l\u0131nda Kelbecer ilinde 101 numaral\u0131 okuldan mezun oldu.<\/p>\n<p>1999-2005 y\u0131llar\u0131nda Azerbaycan T\u0131p \u00dcniversitesinde okudu.<\/p>\n<p>2005-2006 y\u0131llar\u0131nda A.Garayev \u00c7ocuk Klinik Hastanesi Kulak Burun Bo\u011faz b\u00f6l\u00fcm\u00fcnde staj kursunu ge\u00e7ti.<\/p>\n<p>2006-2007 y\u0131llar\u0131nda Surakhani \u00c7ocuk Poliklini\u011finde Kulak Burun Bo\u011faz uzman\u0131 olarak \u00e7al\u0131\u015ft\u0131.<\/p>\n<p>2007-2014 y\u0131llar\u0131 aras\u0131nda Cumhuriyet Klinik Hastanesi Kulak Burun Bo\u011faz b\u00f6l\u00fcm\u00fcnde Kulak Burun Bo\u011faz uzman\u0131 olarak \u00e7al\u0131\u015ft\u0131.<\/p>\n<p>2011-2013 y\u0131llar\u0131 aras\u0131nda Medical Plaza&#8217;da Kulak Burun Bo\u011faz uzman\u0131 olarak \u00e7al\u0131\u015ft\u0131.<\/p>\n<p>2013-2014 y\u0131llar\u0131 aras\u0131nda City Hospital\u2019da Kulak Burun Bo\u011faz Uzman\u0131, Ba\u015fhekim Yard\u0131mc\u0131s\u0131 olarak \u00e7al\u0131\u015ft\u0131.<\/p>\n<p>2014-2017 y\u0131llar\u0131 aras\u0131nda Lor Hastanesi&#8217;nde Ba\u015fhekim ve Direkt\u00f6r olarak \u00e7al\u0131\u015ft\u0131.<\/p>\n<p>2017-2018 y\u0131llar\u0131nda Grand Hospital&#8217;da Kulak Burun Bo\u011faz uzman\u0131 olarak \u00e7al\u0131\u015ft\u0131.<\/p>\n<p>2018-2019 y\u0131llar\u0131nda Leyla Shikhlinskaya Klini\u011finde Kulak Burun Bo\u011faz uzman\u0131 olarak \u00e7al\u0131\u015ft\u0131.<\/p>\n<p>2019-2020 y\u0131llar\u0131nda Bak\u00fc \u015eehir Hastanesinde Ba\u015fhekim Yard\u0131mc\u0131s\u0131 olarak g\u00f6rev yapt\u0131.<\/p>\n<p>Halen Bak\u00fc Sa\u011fl\u0131k Merkezi ve West Hospital\u2019da Kulak Burun Bo\u011faz uzman\u0131 olarak \u00e7al\u0131\u015fmaktad\u0131r. Ayn\u0131 zamanda Rino Baku Estetik Burun Merkezi&#8217;nin de ba\u015fkan\u0131d\u0131r.<\/p>\n<p><strong>\u00a0<\/strong><\/p>\n<p><iframe loading=\"lazy\" src=\"https:\/\/www.youtube.com\/embed\/NWTKVi1V5ws?feature=oembed\" width=\"1140\" height=\"641\" frameborder=\"0\" allowfullscreen=\"allowfullscreen\"><\/iframe><\/p>\n<\/div><\/section><\/div><\/div><\/div><\/div><!-- close content main div --><\/div><\/div><div id='after_section_1'  class='main_color av_default_container_wrap container_wrap sidebar_right'  ><div class='container av-section-cont-open' ><div class='template-page content  av-content-small alpha units'><div class='post-entry post-entry-type-page post-entry-950'><div class='entry-content-wrapper clearfix'>\n","protected":false},"excerpt":{"rendered":"","protected":false},"author":1,"featured_media":0,"parent":0,"menu_order":0,"comment_status":"closed","ping_status":"closed","template":"","meta":[],"_links":{"self":[{"href":"https:\/\/drparvizaslanov.com\/tr\/wp-json\/wp\/v2\/pages\/950"}],"collection":[{"href":"https:\/\/drparvizaslanov.com\/tr\/wp-json\/wp\/v2\/pages"}],"about":[{"href":"https:\/\/drparvizaslanov.com\/tr\/wp-json\/wp\/v2\/types\/page"}],"author":[{"embeddable":true,"href":"https:\/\/drparvizaslanov.com\/tr\/wp-json\/wp\/v2\/users\/1"}],"replies":[{"embeddable":true,"href":"https:\/\/drparvizaslanov.com\/tr\/wp-json\/wp\/v2\/comments?post=950"}],"version-history":[{"count":9,"href":"https:\/\/drparvizaslanov.com\/tr\/wp-json\/wp\/v2\/pages\/950\/revisions"}],"predecessor-version":[{"id":1755,"href":"https:\/\/drparvizaslanov.com\/tr\/wp-json\/wp\/v2\/pages\/950\/revisions\/1755"}],"wp:attachment":[{"href":"https:\/\/drparvizaslanov.com\/tr\/wp-json\/wp\/v2\/media?parent=950"}],"curies":[{"name":"wp","href":"https:\/\/api.w.org\/{rel}","templated":true}]}}